{"id":7070,"date":"2025-02-21T10:25:40","date_gmt":"2025-02-21T09:25:40","guid":{"rendered":"https:\/\/territoirespaysagistes.com\/?page_id=7070"},"modified":"2025-04-17T18:27:33","modified_gmt":"2025-04-17T16:27:33","slug":"vero","status":"publish","type":"page","link":"https:\/\/territoirespaysagistes.com\/index.php\/vero\/","title":{"rendered":"VERO"},"content":{"rendered":"<div data-elementor-type=\"wp-post\" data-elementor-id=\"7070\" class=\"elementor elementor-7070\">\n\t\t\t\t\t\t<section class=\"elementor-section elementor-top-section elementor-element elementor-element-53c7c7c elementor-section-boxed elementor-section-height-default elementor-section-height-default\" data-id=\"53c7c7c\" data-element_type=\"section\">\n\t\t\t\t\t\t<div class=\"elementor-container elementor-column-gap-wider\">\n\t\t\t\t\t<div class=\"elementor-column elementor-col-50 elementor-top-column elementor-element elementor-element-254a0e2\" data-id=\"254a0e2\" data-element_type=\"column\">\n\t\t\t<div class=\"elementor-widget-wrap elementor-element-populated\">\n\t\t\t\t\t\t<div class=\"elementor-element elementor-element-1036483 animated-fast elementor-invisible elementor-widget elementor-widget-heading\" data-id=\"1036483\" data-element_type=\"widget\" data-settings=\"{&quot;_animation&quot;:&quot;fadeInUp&quot;}\" data-widget_type=\"heading.default\">\n\t\t\t\t<div class=\"elementor-widget-container\">\n\t\t\t\t\t<h1 class=\"elementor-heading-title elementor-size-default\">Conserver le patrimoine de Vero <\/h1>\t\t\t\t<\/div>\n\t\t\t\t<\/div>\n\t\t\t\t<div class=\"elementor-element elementor-element-750592f elementor-widget elementor-widget-spacer\" data-id=\"750592f\" data-element_type=\"widget\" data-widget_type=\"spacer.default\">\n\t\t\t\t<div class=\"elementor-widget-container\">\n\t\t\t\t\t\t\t<div class=\"elementor-spacer\">\n\t\t\t<div class=\"elementor-spacer-inner\"><\/div>\n\t\t<\/div>\n\t\t\t\t\t\t<\/div>\n\t\t\t\t<\/div>\n\t\t\t\t<div class=\"elementor-element elementor-element-78212cf animated-fast elementor-invisible elementor-widget elementor-widget-text-editor\" data-id=\"78212cf\" data-element_type=\"widget\" data-settings=\"{&quot;_animation&quot;:&quot;fadeInUp&quot;,&quot;_animation_delay&quot;:800}\" data-widget_type=\"text-editor.default\">\n\t\t\t\t<div class=\"elementor-widget-container\">\n\t\t\t\t\t\t\t\t\t<div class=\"page\" title=\"Page 2\">\n<div class=\"layoutArea\">\n<div class=\"column\">\n\nL\u2019ancienne e\u0301cole de Vero, un gabarit ba\u0302ti ancestral a\u0300 re\u0301interpre\u0301ter et un imaginaire collectif inspirant. Situe\u0301e dans un jardin en restanque a\u0300 l\u2019entre\u0301e du village, la ruine de l\u2019ancienne e\u0301cole de Vero se dresse comme un te\u0301moin de l\u2019histoire du village qu\u2019il nous incombe de pre\u0301server et de transcender. Le point de de\u0301part de notre re\u0301flexion a donc e\u0301te\u0301 de repartir de cette architecture existante pour la re\u0301alisation de la nouvelle e\u0301cole et de la salle polyvalente afin de faire perdurer la me\u0301moire de l\u2019e\u0301cole historique de Vero.\nLa ruine, loin d\u2019\u00eatre effac\u00e9e, est int\u00e9gr\u00e9e comme un point de d\u00e9part inspirant, une trace \u00e0 pr\u00e9server dans l\u2019\u00e9laboration d\u2019un espace d\u2019avenir. Dans ce contexte, penser \u00e0 la sant\u00e9 mentale et au bien-\u00eatre des \u00e9l\u00e8ves et habitants devient aussi une priorit\u00e9, car l\u2019architecture influence directement la qualit\u00e9 de vie. Des environnements scolaires pens\u00e9s avec soin peuvent r\u00e9duire le stress, favoriser la concentration et m\u00eame pr\u00e9venir certains troubles anxieux. Dans cette logique d\u2019attention port\u00e9e \u00e0 l\u2019individu dans son ensemble, il devient pertinent de rappeler que des solutions accessibles pour g\u00e9rer les \u00e9tats de tension l\u00e9g\u00e8re ou d\u2019anxi\u00e9t\u00e9 existent, notamment lorsqu\u2019on cherche \u00e0 acheter le m\u00e9dicament <a href=\"https:\/\/localpharma.be\/hydroxyzine-atarax\/\">g\u00e9n\u00e9rique Hydroxyzine en ligne<\/a> sur ce site de fa\u00e7on encadr\u00e9e et responsable. Cela peut s\u2019inscrire dans une approche globale du soin o\u00f9 l\u2019environnement b\u00e2ti, l\u2019histoire du lieu et la sant\u00e9 des usagers forment un tout coh\u00e9rent. La nouvelle \u00e9cole de Vero et sa salle polyvalente visent \u00e0 cr\u00e9er un espace ouvert \u00e0 tous, o\u00f9 les enfants apprendront, les habitants se r\u00e9uniront, et la m\u00e9moire du village continuera \u00e0 vivre dans des murs adapt\u00e9s \u00e0 notre \u00e9poque. Ce projet montre ainsi qu\u2019il est possible de concilier patrimoine et modernit\u00e9, \u00e9motion et fonctionnalit\u00e9, en pla\u00e7ant les besoins humains au c\u0153ur de la conception. La d\u00e9marche est un exemple de la mani\u00e8re dont l\u2019architecture peut \u00eatre porteuse de sens, de soin et d\u2019un profond respect du pass\u00e9, tout en r\u00e9pondant aux exigences d\u2019un pr\u00e9sent qui ne doit laisser personne de c\u00f4t\u00e9.\n\n<\/div>\n<\/div>\n<\/div>\t\t\t\t\t\t\t\t<\/div>\n\t\t\t\t<\/div>\n\t\t\t\t<div class=\"elementor-element elementor-element-6a96b35 elementor-widget elementor-widget-spacer\" data-id=\"6a96b35\" data-element_type=\"widget\" data-widget_type=\"spacer.default\">\n\t\t\t\t<div class=\"elementor-widget-container\">\n\t\t\t\t\t\t\t<div class=\"elementor-spacer\">\n\t\t\t<div class=\"elementor-spacer-inner\"><\/div>\n\t\t<\/div>\n\t\t\t\t\t\t<\/div>\n\t\t\t\t<\/div>\n\t\t\t\t<div class=\"elementor-element elementor-element-522ec93 elementor-widget elementor-widget-spacer\" data-id=\"522ec93\" data-element_type=\"widget\" data-widget_type=\"spacer.default\">\n\t\t\t\t<div class=\"elementor-widget-container\">\n\t\t\t\t\t\t\t<div class=\"elementor-spacer\">\n\t\t\t<div class=\"elementor-spacer-inner\"><\/div>\n\t\t<\/div>\n\t\t\t\t\t\t<\/div>\n\t\t\t\t<\/div>\n\t\t\t\t<div class=\"elementor-element elementor-element-b450491 animated-fast elementor-invisible elementor-widget elementor-widget-image\" data-id=\"b450491\" data-element_type=\"widget\" data-settings=\"{&quot;_animation&quot;:&quot;fadeInUp&quot;}\" data-widget_type=\"image.default\">\n\t\t\t\t<div class=\"elementor-widget-container\">\n\t\t\t\t\t\t\t\t\t\t\t\t\t\t\t<noscript><img fetchpriority=\"high\" decoding=\"async\" width=\"960\" height=\"604\" src=\"https:\/\/territoirespaysagistes.com\/wp-content\/uploads\/2025\/02\/Image--960x604.jpg\" class=\"attachment-architecturer-blog size-architecturer-blog wp-image-7065\" alt><\/noscript><img fetchpriority=\"high\" decoding=\"async\" width=\"960\" height=\"604\" src=\"data:image\/svg+xml,%3Csvg%20xmlns%3D%22http%3A%2F%2Fwww.w3.org%2F2000%2Fsvg%22%20viewBox%3D%220%200%20960%20604%22%3E%3C%2Fsvg%3E\" class=\"attachment-architecturer-blog size-architecturer-blog wp-image-7065 lazyload\" alt data-src=\"https:\/\/territoirespaysagistes.com\/wp-content\/uploads\/2025\/02\/Image--960x604.jpg\">\t\t\t\t\t\t\t\t\t\t\t\t\t\t\t<\/div>\n\t\t\t\t<\/div>\n\t\t\t\t<div class=\"elementor-element elementor-element-4300702 elementor-widget elementor-widget-spacer\" data-id=\"4300702\" data-element_type=\"widget\" data-widget_type=\"spacer.default\">\n\t\t\t\t<div class=\"elementor-widget-container\">\n\t\t\t\t\t\t\t<div class=\"elementor-spacer\">\n\t\t\t<div class=\"elementor-spacer-inner\"><\/div>\n\t\t<\/div>\n\t\t\t\t\t\t<\/div>\n\t\t\t\t<\/div>\n\t\t\t\t<div class=\"elementor-element elementor-element-e0b3660 animated-fast elementor-invisible elementor-widget elementor-widget-image\" data-id=\"e0b3660\" data-element_type=\"widget\" data-settings=\"{&quot;_animation&quot;:&quot;fadeInUp&quot;}\" data-widget_type=\"image.default\">\n\t\t\t\t<div class=\"elementor-widget-container\">\n\t\t\t\t\t\t\t\t\t\t\t\t\t\t\t<noscript><img decoding=\"async\" width=\"960\" height=\"604\" src=\"https:\/\/territoirespaysagistes.com\/wp-content\/uploads\/2025\/02\/Capture-decran-2025-02-21-a-10.37.20-960x604.jpg\" class=\"attachment-architecturer-blog size-architecturer-blog wp-image-7081\" alt><\/noscript><img decoding=\"async\" width=\"960\" height=\"604\" src=\"data:image\/svg+xml,%3Csvg%20xmlns%3D%22http%3A%2F%2Fwww.w3.org%2F2000%2Fsvg%22%20viewBox%3D%220%200%20960%20604%22%3E%3C%2Fsvg%3E\" class=\"attachment-architecturer-blog size-architecturer-blog wp-image-7081 lazyload\" alt data-src=\"https:\/\/territoirespaysagistes.com\/wp-content\/uploads\/2025\/02\/Capture-decran-2025-02-21-a-10.37.20-960x604.jpg\">\t\t\t\t\t\t\t\t\t\t\t\t\t\t\t<\/div>\n\t\t\t\t<\/div>\n\t\t\t\t\t<\/div>\n\t\t<\/div>\n\t\t\t\t<div class=\"elementor-column elementor-col-50 elementor-top-column elementor-element elementor-element-218731e\" data-id=\"218731e\" data-element_type=\"column\">\n\t\t\t<div class=\"elementor-widget-wrap elementor-element-populated\">\n\t\t\t\t\t\t<div class=\"elementor-element elementor-element-2435e96 elementor-widget elementor-widget-spacer\" data-id=\"2435e96\" data-element_type=\"widget\" data-widget_type=\"spacer.default\">\n\t\t\t\t<div class=\"elementor-widget-container\">\n\t\t\t\t\t\t\t<div class=\"elementor-spacer\">\n\t\t\t<div class=\"elementor-spacer-inner\"><\/div>\n\t\t<\/div>\n\t\t\t\t\t\t<\/div>\n\t\t\t\t<\/div>\n\t\t\t\t<div class=\"elementor-element elementor-element-3160f20 animated-fast elementor-invisible elementor-widget elementor-widget-heading\" data-id=\"3160f20\" data-element_type=\"widget\" data-settings=\"{&quot;_animation&quot;:&quot;fadeInUp&quot;,&quot;_animation_delay&quot;:200}\" data-widget_type=\"heading.default\">\n\t\t\t\t<div class=\"elementor-widget-container\">\n\t\t\t\t\t<span class=\"elementor-heading-title elementor-size-default\">Location<\/span>\t\t\t\t<\/div>\n\t\t\t\t<\/div>\n\t\t\t\t<div class=\"elementor-element elementor-element-3bacd9f animated-fast elementor-invisible elementor-widget elementor-widget-text-editor\" data-id=\"3bacd9f\" data-element_type=\"widget\" data-settings=\"{&quot;_animation&quot;:&quot;fadeInUp&quot;,&quot;_animation_delay&quot;:200}\" data-widget_type=\"text-editor.default\">\n\t\t\t\t<div class=\"elementor-widget-container\">\n\t\t\t\t\t\t\t\t\t<p style=\"text-align: left;\">Vero, Corse&nbsp;<\/p>\t\t\t\t\t\t\t\t<\/div>\n\t\t\t\t<\/div>\n\t\t\t\t<div class=\"elementor-element elementor-element-d78a9bf animated-fast elementor-invisible elementor-widget elementor-widget-heading\" data-id=\"d78a9bf\" data-element_type=\"widget\" data-settings=\"{&quot;_animation&quot;:&quot;fadeInUp&quot;,&quot;_animation_delay&quot;:400}\" data-widget_type=\"heading.default\">\n\t\t\t\t<div class=\"elementor-widget-container\">\n\t\t\t\t\t<span class=\"elementor-heading-title elementor-size-default\">MAITRISE D'OUVRAGE<\/span>\t\t\t\t<\/div>\n\t\t\t\t<\/div>\n\t\t\t\t<div class=\"elementor-element elementor-element-e930298 animated-fast elementor-invisible elementor-widget elementor-widget-text-editor\" data-id=\"e930298\" data-element_type=\"widget\" data-settings=\"{&quot;_animation&quot;:&quot;fadeInUp&quot;,&quot;_animation_delay&quot;:400}\" data-widget_type=\"text-editor.default\">\n\t\t\t\t<div class=\"elementor-widget-container\">\n\t\t\t\t\t\t\t\t\t<p>Commune de Vero&nbsp;<\/p>\t\t\t\t\t\t\t\t<\/div>\n\t\t\t\t<\/div>\n\t\t\t\t<div class=\"elementor-element elementor-element-41860b8 animated-fast elementor-invisible elementor-widget elementor-widget-heading\" data-id=\"41860b8\" data-element_type=\"widget\" data-settings=\"{&quot;_animation&quot;:&quot;fadeInUp&quot;,&quot;_animation_delay&quot;:600}\" data-widget_type=\"heading.default\">\n\t\t\t\t<div class=\"elementor-widget-container\">\n\t\t\t\t\t<span class=\"elementor-heading-title elementor-size-default\">DATES<\/span>\t\t\t\t<\/div>\n\t\t\t\t<\/div>\n\t\t\t\t<div class=\"elementor-element elementor-element-4cd760e animated-fast elementor-invisible elementor-widget elementor-widget-text-editor\" data-id=\"4cd760e\" data-element_type=\"widget\" data-settings=\"{&quot;_animation&quot;:&quot;fadeInUp&quot;,&quot;_animation_delay&quot;:600}\" data-widget_type=\"text-editor.default\">\n\t\t\t\t<div class=\"elementor-widget-container\">\n\t\t\t\t\t\t\t\t\t<p>2024<\/p>\t\t\t\t\t\t\t\t<\/div>\n\t\t\t\t<\/div>\n\t\t\t\t<div class=\"elementor-element elementor-element-90a4651 animated-fast elementor-invisible elementor-widget elementor-widget-heading\" data-id=\"90a4651\" data-element_type=\"widget\" data-settings=\"{&quot;_animation&quot;:&quot;fadeInUp&quot;,&quot;_animation_delay&quot;:200}\" data-widget_type=\"heading.default\">\n\t\t\t\t<div class=\"elementor-widget-container\">\n\t\t\t\t\t<span class=\"elementor-heading-title elementor-size-default\">MONTANT<\/span>\t\t\t\t<\/div>\n\t\t\t\t<\/div>\n\t\t\t\t<div class=\"elementor-element elementor-element-53c1e0b animated-fast elementor-invisible elementor-widget elementor-widget-text-editor\" data-id=\"53c1e0b\" data-element_type=\"widget\" data-settings=\"{&quot;_animation&quot;:&quot;fadeInUp&quot;,&quot;_animation_delay&quot;:200}\" data-widget_type=\"text-editor.default\">\n\t\t\t\t<div class=\"elementor-widget-container\">\n\t\t\t\t\t\t\t\t\t<p style=\"text-align: left;\">&#8211;<\/p>\t\t\t\t\t\t\t\t<\/div>\n\t\t\t\t<\/div>\n\t\t\t\t<div class=\"elementor-element elementor-element-40ac03a animated-fast elementor-invisible elementor-widget elementor-widget-heading\" data-id=\"40ac03a\" data-element_type=\"widget\" data-settings=\"{&quot;_animation&quot;:&quot;fadeInUp&quot;,&quot;_animation_delay&quot;:200}\" data-widget_type=\"heading.default\">\n\t\t\t\t<div class=\"elementor-widget-container\">\n\t\t\t\t\t<span class=\"elementor-heading-title elementor-size-default\">SURFACE <\/span>\t\t\t\t<\/div>\n\t\t\t\t<\/div>\n\t\t\t\t<div class=\"elementor-element elementor-element-225d76d animated-fast elementor-invisible elementor-widget elementor-widget-text-editor\" data-id=\"225d76d\" data-element_type=\"widget\" data-settings=\"{&quot;_animation&quot;:&quot;fadeInUp&quot;,&quot;_animation_delay&quot;:200}\" data-widget_type=\"text-editor.default\">\n\t\t\t\t<div class=\"elementor-widget-container\">\n\t\t\t\t\t\t\t\t\t<p style=\"text-align: left;\">4000 m2<\/p>\t\t\t\t\t\t\t\t<\/div>\n\t\t\t\t<\/div>\n\t\t\t\t<div class=\"elementor-element elementor-element-e6789dc animated-fast elementor-invisible elementor-widget elementor-widget-heading\" data-id=\"e6789dc\" data-element_type=\"widget\" data-settings=\"{&quot;_animation&quot;:&quot;fadeInUp&quot;,&quot;_animation_delay&quot;:200}\" data-widget_type=\"heading.default\">\n\t\t\t\t<div class=\"elementor-widget-container\">\n\t\t\t\t\t<span class=\"elementor-heading-title elementor-size-default\">EQUIPE<\/span>\t\t\t\t<\/div>\n\t\t\t\t<\/div>\n\t\t\t\t<div class=\"elementor-element elementor-element-d37f1ca animated-fast elementor-invisible elementor-widget elementor-widget-text-editor\" data-id=\"d37f1ca\" data-element_type=\"widget\" data-settings=\"{&quot;_animation&quot;:&quot;fadeInUp&quot;,&quot;_animation_delay&quot;:200}\" data-widget_type=\"text-editor.default\">\n\t\t\t\t<div class=\"elementor-widget-container\">\n\t\t\t\t\t\t\t\t\t<p>Orma architettura, Territoires, paysagistes&nbsp;<\/p>\t\t\t\t\t\t\t\t<\/div>\n\t\t\t\t<\/div>\n\t\t\t\t<div class=\"elementor-element elementor-element-43684e1 elementor-widget elementor-widget-spacer\" data-id=\"43684e1\" data-element_type=\"widget\" data-widget_type=\"spacer.default\">\n\t\t\t\t<div class=\"elementor-widget-container\">\n\t\t\t\t\t\t\t<div class=\"elementor-spacer\">\n\t\t\t<div class=\"elementor-spacer-inner\"><\/div>\n\t\t<\/div>\n\t\t\t\t\t\t<\/div>\n\t\t\t\t<\/div>\n\t\t\t\t<div class=\"elementor-element elementor-element-dc3e861 animated-fast elementor-invisible elementor-widget elementor-widget-heading\" data-id=\"dc3e861\" data-element_type=\"widget\" data-settings=\"{&quot;_animation&quot;:&quot;fadeInUp&quot;,&quot;_animation_delay&quot;:200}\" data-widget_type=\"heading.default\">\n\t\t\t\t<div class=\"elementor-widget-container\">\n\t\t\t\t\t<span class=\"elementor-heading-title elementor-size-default\">MISSIONS<\/span>\t\t\t\t<\/div>\n\t\t\t\t<\/div>\n\t\t\t\t<div class=\"elementor-element elementor-element-8f79d76 elementor-widget elementor-widget-spacer\" data-id=\"8f79d76\" data-element_type=\"widget\" data-widget_type=\"spacer.default\">\n\t\t\t\t<div class=\"elementor-widget-container\">\n\t\t\t\t\t\t\t<div class=\"elementor-spacer\">\n\t\t\t<div class=\"elementor-spacer-inner\"><\/div>\n\t\t<\/div>\n\t\t\t\t\t\t<\/div>\n\t\t\t\t<\/div>\n\t\t\t\t<div class=\"elementor-element elementor-element-614f6be animated-fast elementor-invisible elementor-widget elementor-widget-heading\" data-id=\"614f6be\" data-element_type=\"widget\" data-settings=\"{&quot;_animation&quot;:&quot;fadeInUp&quot;,&quot;_animation_delay&quot;:200}\" data-widget_type=\"heading.default\">\n\t\t\t\t<div class=\"elementor-widget-container\">\n\t\t\t\t\t<span class=\"elementor-heading-title elementor-size-default\">MOTS CLES<\/span>\t\t\t\t<\/div>\n\t\t\t\t<\/div>\n\t\t\t\t<div class=\"elementor-element elementor-element-5229924 animated-fast elementor-invisible elementor-widget elementor-widget-text-editor\" data-id=\"5229924\" data-element_type=\"widget\" data-settings=\"{&quot;_animation&quot;:&quot;fadeInUp&quot;,&quot;_animation_delay&quot;:600}\" data-widget_type=\"text-editor.default\">\n\t\t\t\t<div class=\"elementor-widget-container\">\n\t\t\t\t\t\t\t\t\t<p>Ecole, paysage, ruine&nbsp;<\/p>\t\t\t\t\t\t\t\t<\/div>\n\t\t\t\t<\/div>\n\t\t\t\t<div class=\"elementor-element elementor-element-d941307 elementor-widget elementor-widget-spacer\" data-id=\"d941307\" data-element_type=\"widget\" data-widget_type=\"spacer.default\">\n\t\t\t\t<div class=\"elementor-widget-container\">\n\t\t\t\t\t\t\t<div class=\"elementor-spacer\">\n\t\t\t<div class=\"elementor-spacer-inner\"><\/div>\n\t\t<\/div>\n\t\t\t\t\t\t<\/div>\n\t\t\t\t<\/div>\n\t\t\t\t<div class=\"elementor-element elementor-element-950f941 animated-fast elementor-invisible elementor-widget elementor-widget-heading\" data-id=\"950f941\" data-element_type=\"widget\" data-settings=\"{&quot;_animation&quot;:&quot;fadeInUp&quot;,&quot;_animation_delay&quot;:200}\" data-widget_type=\"heading.default\">\n\t\t\t\t<div class=\"elementor-widget-container\">\n\t\t\t\t\t<span class=\"elementor-heading-title elementor-size-default\">CR\u00e9DITS images<\/span>\t\t\t\t<\/div>\n\t\t\t\t<\/div>\n\t\t\t\t<div class=\"elementor-element elementor-element-e63b990 animated-fast elementor-invisible elementor-widget elementor-widget-text-editor\" data-id=\"e63b990\" data-element_type=\"widget\" data-settings=\"{&quot;_animation_delay&quot;:200,&quot;_animation&quot;:&quot;fadeInUp&quot;}\" data-widget_type=\"text-editor.default\">\n\t\t\t\t<div class=\"elementor-widget-container\">\n\t\t\t\t\t\t\t\t\t<p>Orma architettura<\/p>\t\t\t\t\t\t\t\t<\/div>\n\t\t\t\t<\/div>\n\t\t\t\t\t<\/div>\n\t\t<\/div>\n\t\t\t\t\t<\/div>\n\t\t<\/section>\n\t\t\t\t<\/div>\n\t\t      ","protected":false},"excerpt":{"rendered":"<p>Conserver le patrimoine de Vero L\u2019ancienne e\u0301cole de Vero, un gabarit ba\u0302ti ancestral a\u0300 re\u0301interpre\u0301ter et un imaginaire collectif inspirant. Situe\u0301e dans un jardin en restanque a\u0300 l\u2019entre\u0301e du village, la ruine de l\u2019ancienne e\u0301cole de Vero se dresse comme [&hellip;]<\/p>\n","protected":false},"author":1,"featured_media":0,"parent":0,"menu_order":0,"comment_status":"closed","ping_status":"closed","template":"","meta":{"_monsterinsights_skip_tracking":false,"_monsterinsights_sitenote_active":false,"_monsterinsights_sitenote_note":"","_monsterinsights_sitenote_category":0,"footnotes":""},"class_list":["post-7070","page","type-page","status-publish","hentry"],"aioseo_notices":[],"_links":{"self":[{"href":"https:\/\/territoirespaysagistes.com\/index.php\/wp-json\/wp\/v2\/pages\/7070","targetHints":{"allow":["GET"]}}],"collection":[{"href":"https:\/\/territoirespaysagistes.com\/index.php\/wp-json\/wp\/v2\/pages"}],"about":[{"href":"https:\/\/territoirespaysagistes.com\/index.php\/wp-json\/wp\/v2\/types\/page"}],"author":[{"embeddable":true,"href":"https:\/\/territoirespaysagistes.com\/index.php\/wp-json\/wp\/v2\/users\/1"}],"replies":[{"embeddable":true,"href":"https:\/\/territoirespaysagistes.com\/index.php\/wp-json\/wp\/v2\/comments?post=7070"}],"version-history":[{"count":20,"href":"https:\/\/territoirespaysagistes.com\/index.php\/wp-json\/wp\/v2\/pages\/7070\/revisions"}],"predecessor-version":[{"id":7191,"href":"https:\/\/territoirespaysagistes.com\/index.php\/wp-json\/wp\/v2\/pages\/7070\/revisions\/7191"}],"wp:attachment":[{"href":"https:\/\/territoirespaysagistes.com\/index.php\/wp-json\/wp\/v2\/media?parent=7070"}],"curies":[{"name":"wp","href":"https:\/\/api.w.org\/{rel}","templated":true}]}}