{"id":5457,"date":"2023-01-10T11:21:09","date_gmt":"2023-01-10T10:21:09","guid":{"rendered":"https:\/\/territoirespaysagistes.com\/?page_id=5457"},"modified":"2024-11-26T14:47:23","modified_gmt":"2024-11-26T13:47:23","slug":"marnay","status":"publish","type":"page","link":"https:\/\/territoirespaysagistes.com\/index.php\/marnay\/","title":{"rendered":"MARNAY"},"content":{"rendered":"<div data-elementor-type=\"wp-post\" data-elementor-id=\"5457\" class=\"elementor elementor-5457\">\n\t\t\t\t\t\t<section class=\"elementor-section elementor-top-section elementor-element elementor-element-e484b1d elementor-section-stretched elementor-section-height-min-height elementor-section-boxed elementor-section-height-default elementor-section-items-middle\" data-id=\"e484b1d\" data-element_type=\"section\" data-settings=\"{&quot;stretch_section&quot;:&quot;section-stretched&quot;,&quot;background_background&quot;:&quot;slideshow&quot;,&quot;background_slideshow_gallery&quot;:[{&quot;id&quot;:5843,&quot;url&quot;:&quot;https:\\\/\\\/territoirespaysagistes.com\\\/wp-content\\\/uploads\\\/2023\\\/02\\\/DSCF1474-e1677516859561.jpg&quot;}],&quot;background_slideshow_slide_duration&quot;:8000,&quot;background_slideshow_loop&quot;:&quot;yes&quot;,&quot;background_slideshow_slide_transition&quot;:&quot;fade&quot;,&quot;background_slideshow_transition_duration&quot;:500}\">\n\t\t\t\t\t\t<div class=\"elementor-container elementor-column-gap-default\">\n\t\t\t\t\t<div class=\"elementor-column elementor-col-100 elementor-top-column elementor-element elementor-element-e65cc1c\" data-id=\"e65cc1c\" data-element_type=\"column\">\n\t\t\t<div class=\"elementor-widget-wrap\">\n\t\t\t\t\t\t\t<\/div>\n\t\t<\/div>\n\t\t\t\t\t<\/div>\n\t\t<\/section>\n\t\t\t\t<section class=\"elementor-section elementor-top-section elementor-element elementor-element-53c7c7c elementor-section-boxed elementor-section-height-default elementor-section-height-default\" data-id=\"53c7c7c\" data-element_type=\"section\">\n\t\t\t\t\t\t<div class=\"elementor-container elementor-column-gap-wider\">\n\t\t\t\t\t<div class=\"elementor-column elementor-col-50 elementor-top-column elementor-element elementor-element-254a0e2\" data-id=\"254a0e2\" data-element_type=\"column\">\n\t\t\t<div class=\"elementor-widget-wrap elementor-element-populated\">\n\t\t\t\t\t\t<div class=\"elementor-element elementor-element-1036483 animated-fast elementor-invisible elementor-widget elementor-widget-heading\" data-id=\"1036483\" data-element_type=\"widget\" data-settings=\"{&quot;_animation&quot;:&quot;fadeInUp&quot;}\" data-widget_type=\"heading.default\">\n\t\t\t\t<div class=\"elementor-widget-container\">\n\t\t\t\t\t<h1 class=\"elementor-heading-title elementor-size-default\">Ouvrir les fen\u00eatres<\/h1>\t\t\t\t<\/div>\n\t\t\t\t<\/div>\n\t\t\t\t<div class=\"elementor-element elementor-element-750592f elementor-widget elementor-widget-spacer\" data-id=\"750592f\" data-element_type=\"widget\" data-widget_type=\"spacer.default\">\n\t\t\t\t<div class=\"elementor-widget-container\">\n\t\t\t\t\t\t\t<div class=\"elementor-spacer\">\n\t\t\t<div class=\"elementor-spacer-inner\"><\/div>\n\t\t<\/div>\n\t\t\t\t\t\t<\/div>\n\t\t\t\t<\/div>\n\t\t\t\t<div class=\"elementor-element elementor-element-78212cf animated-fast elementor-invisible elementor-widget elementor-widget-text-editor\" data-id=\"78212cf\" data-element_type=\"widget\" data-settings=\"{&quot;_animation&quot;:&quot;fadeInUp&quot;,&quot;_animation_delay&quot;:800}\" data-widget_type=\"text-editor.default\">\n\t\t\t\t<div class=\"elementor-widget-container\">\n\t\t\t\t\t\t\t\t\t<p>La placette du lavoir, la passerelle pi\u00e9tonne en rive de l\u2019Ognon et la place du Ch\u00e2teau constituent les derni\u00e8res tranches d\u2019une longue s\u00e9rie de restauration des espaces publics de Marnay. Chacune d\u2019elles offre l\u2019occasion de reprendre les acc\u00e8s aux parcelles priv\u00e9es, de reconstruire les seuils et les passages, de mettre en valeur les qualit\u00e9s patrimoniales de la ville (rivi\u00e8res, g\u00e9ographie, monuments historiques). En prime; le projet d\u00e9veloppe des petits ouvrages belv\u00e9d\u00e8re qui invitent habitants et touristes \u00e0 observer et comprendre le paysage marnaysien, \u00e9tabli en rive nord de l\u2019Ognon.<\/p>\t\t\t\t\t\t\t\t<\/div>\n\t\t\t\t<\/div>\n\t\t\t\t<div class=\"elementor-element elementor-element-6a96b35 elementor-widget elementor-widget-spacer\" data-id=\"6a96b35\" data-element_type=\"widget\" data-widget_type=\"spacer.default\">\n\t\t\t\t<div class=\"elementor-widget-container\">\n\t\t\t\t\t\t\t<div class=\"elementor-spacer\">\n\t\t\t<div class=\"elementor-spacer-inner\"><\/div>\n\t\t<\/div>\n\t\t\t\t\t\t<\/div>\n\t\t\t\t<\/div>\n\t\t\t\t<div class=\"elementor-element elementor-element-522ec93 elementor-widget elementor-widget-spacer\" data-id=\"522ec93\" data-element_type=\"widget\" data-widget_type=\"spacer.default\">\n\t\t\t\t<div class=\"elementor-widget-container\">\n\t\t\t\t\t\t\t<div class=\"elementor-spacer\">\n\t\t\t<div class=\"elementor-spacer-inner\"><\/div>\n\t\t<\/div>\n\t\t\t\t\t\t<\/div>\n\t\t\t\t<\/div>\n\t\t\t\t<div class=\"elementor-element elementor-element-b450491 animated-fast elementor-invisible elementor-widget elementor-widget-image\" data-id=\"b450491\" data-element_type=\"widget\" data-settings=\"{&quot;_animation&quot;:&quot;fadeInUp&quot;}\" data-widget_type=\"image.default\">\n\t\t\t\t<div class=\"elementor-widget-container\">\n\t\t\t\t\t\t\t\t\t\t\t\t\t\t\t<noscript><img fetchpriority=\"high\" decoding=\"async\" width=\"960\" height=\"604\" src=\"https:\/\/territoirespaysagistes.com\/wp-content\/uploads\/2023\/01\/DSCF1474-960x604.jpg\" class=\"attachment-architecturer-blog size-architecturer-blog wp-image-5471\" alt><\/noscript><img fetchpriority=\"high\" decoding=\"async\" width=\"960\" height=\"604\" src=\"data:image\/svg+xml,%3Csvg%20xmlns%3D%22http%3A%2F%2Fwww.w3.org%2F2000%2Fsvg%22%20viewBox%3D%220%200%20960%20604%22%3E%3C%2Fsvg%3E\" class=\"attachment-architecturer-blog size-architecturer-blog wp-image-5471 lazyload\" alt data-src=\"https:\/\/territoirespaysagistes.com\/wp-content\/uploads\/2023\/01\/DSCF1474-960x604.jpg\">\t\t\t\t\t\t\t\t\t\t\t\t\t\t\t<\/div>\n\t\t\t\t<\/div>\n\t\t\t\t<div class=\"elementor-element elementor-element-4300702 elementor-widget elementor-widget-spacer\" data-id=\"4300702\" data-element_type=\"widget\" data-widget_type=\"spacer.default\">\n\t\t\t\t<div class=\"elementor-widget-container\">\n\t\t\t\t\t\t\t<div class=\"elementor-spacer\">\n\t\t\t<div class=\"elementor-spacer-inner\"><\/div>\n\t\t<\/div>\n\t\t\t\t\t\t<\/div>\n\t\t\t\t<\/div>\n\t\t\t\t<div class=\"elementor-element elementor-element-e0b3660 animated-fast elementor-invisible elementor-widget elementor-widget-image\" data-id=\"e0b3660\" data-element_type=\"widget\" data-settings=\"{&quot;_animation&quot;:&quot;fadeInUp&quot;}\" data-widget_type=\"image.default\">\n\t\t\t\t<div class=\"elementor-widget-container\">\n\t\t\t\t\t\t\t\t\t\t\t\t\t\t\t<noscript><img decoding=\"async\" width=\"960\" height=\"604\" src=\"https:\/\/territoirespaysagistes.com\/wp-content\/uploads\/2023\/01\/DSCF1454-960x604.jpg\" class=\"attachment-architecturer-blog size-architecturer-blog wp-image-5469\" alt><\/noscript><img decoding=\"async\" width=\"960\" height=\"604\" src=\"data:image\/svg+xml,%3Csvg%20xmlns%3D%22http%3A%2F%2Fwww.w3.org%2F2000%2Fsvg%22%20viewBox%3D%220%200%20960%20604%22%3E%3C%2Fsvg%3E\" class=\"attachment-architecturer-blog size-architecturer-blog wp-image-5469 lazyload\" alt data-src=\"https:\/\/territoirespaysagistes.com\/wp-content\/uploads\/2023\/01\/DSCF1454-960x604.jpg\">\t\t\t\t\t\t\t\t\t\t\t\t\t\t\t<\/div>\n\t\t\t\t<\/div>\n\t\t\t\t\t<\/div>\n\t\t<\/div>\n\t\t\t\t<div class=\"elementor-column elementor-col-50 elementor-top-column elementor-element elementor-element-218731e\" data-id=\"218731e\" data-element_type=\"column\">\n\t\t\t<div class=\"elementor-widget-wrap elementor-element-populated\">\n\t\t\t\t\t\t<div class=\"elementor-element elementor-element-2435e96 elementor-widget elementor-widget-spacer\" data-id=\"2435e96\" data-element_type=\"widget\" data-widget_type=\"spacer.default\">\n\t\t\t\t<div class=\"elementor-widget-container\">\n\t\t\t\t\t\t\t<div class=\"elementor-spacer\">\n\t\t\t<div class=\"elementor-spacer-inner\"><\/div>\n\t\t<\/div>\n\t\t\t\t\t\t<\/div>\n\t\t\t\t<\/div>\n\t\t\t\t<div class=\"elementor-element elementor-element-3160f20 animated-fast elementor-invisible elementor-widget elementor-widget-heading\" data-id=\"3160f20\" data-element_type=\"widget\" data-settings=\"{&quot;_animation&quot;:&quot;fadeInUp&quot;,&quot;_animation_delay&quot;:200}\" data-widget_type=\"heading.default\">\n\t\t\t\t<div class=\"elementor-widget-container\">\n\t\t\t\t\t<span class=\"elementor-heading-title elementor-size-default\">Location<\/span>\t\t\t\t<\/div>\n\t\t\t\t<\/div>\n\t\t\t\t<div class=\"elementor-element elementor-element-3bacd9f animated-fast elementor-invisible elementor-widget elementor-widget-text-editor\" data-id=\"3bacd9f\" data-element_type=\"widget\" data-settings=\"{&quot;_animation&quot;:&quot;fadeInUp&quot;,&quot;_animation_delay&quot;:200}\" data-widget_type=\"text-editor.default\">\n\t\t\t\t<div class=\"elementor-widget-container\">\n\t\t\t\t\t\t\t\t\t<p style=\"text-align: left;\">Marnay<\/p>\t\t\t\t\t\t\t\t<\/div>\n\t\t\t\t<\/div>\n\t\t\t\t<div class=\"elementor-element elementor-element-d78a9bf animated-fast elementor-invisible elementor-widget elementor-widget-heading\" data-id=\"d78a9bf\" data-element_type=\"widget\" data-settings=\"{&quot;_animation&quot;:&quot;fadeInUp&quot;,&quot;_animation_delay&quot;:400}\" data-widget_type=\"heading.default\">\n\t\t\t\t<div class=\"elementor-widget-container\">\n\t\t\t\t\t<span class=\"elementor-heading-title elementor-size-default\">MAITRISE D'OUVRAGE<\/span>\t\t\t\t<\/div>\n\t\t\t\t<\/div>\n\t\t\t\t<div class=\"elementor-element elementor-element-e930298 animated-fast elementor-invisible elementor-widget elementor-widget-text-editor\" data-id=\"e930298\" data-element_type=\"widget\" data-settings=\"{&quot;_animation&quot;:&quot;fadeInUp&quot;,&quot;_animation_delay&quot;:400}\" data-widget_type=\"text-editor.default\">\n\t\t\t\t<div class=\"elementor-widget-container\">\n\t\t\t\t\t\t\t\t\t<p>Ville de Marnay<\/p>\t\t\t\t\t\t\t\t<\/div>\n\t\t\t\t<\/div>\n\t\t\t\t<div class=\"elementor-element elementor-element-41860b8 animated-fast elementor-invisible elementor-widget elementor-widget-heading\" data-id=\"41860b8\" data-element_type=\"widget\" data-settings=\"{&quot;_animation&quot;:&quot;fadeInUp&quot;,&quot;_animation_delay&quot;:600}\" data-widget_type=\"heading.default\">\n\t\t\t\t<div class=\"elementor-widget-container\">\n\t\t\t\t\t<span class=\"elementor-heading-title elementor-size-default\">DATES<\/span>\t\t\t\t<\/div>\n\t\t\t\t<\/div>\n\t\t\t\t<div class=\"elementor-element elementor-element-4cd760e animated-fast elementor-invisible elementor-widget elementor-widget-text-editor\" data-id=\"4cd760e\" data-element_type=\"widget\" data-settings=\"{&quot;_animation&quot;:&quot;fadeInUp&quot;,&quot;_animation_delay&quot;:600}\" data-widget_type=\"text-editor.default\">\n\t\t\t\t<div class=\"elementor-widget-container\">\n\t\t\t\t\t\t\t\t\t<p>2016-2021<\/p>\t\t\t\t\t\t\t\t<\/div>\n\t\t\t\t<\/div>\n\t\t\t\t<div class=\"elementor-element elementor-element-90a4651 animated-fast elementor-invisible elementor-widget elementor-widget-heading\" data-id=\"90a4651\" data-element_type=\"widget\" data-settings=\"{&quot;_animation&quot;:&quot;fadeInUp&quot;,&quot;_animation_delay&quot;:200}\" data-widget_type=\"heading.default\">\n\t\t\t\t<div class=\"elementor-widget-container\">\n\t\t\t\t\t<span class=\"elementor-heading-title elementor-size-default\">MONTANT<\/span>\t\t\t\t<\/div>\n\t\t\t\t<\/div>\n\t\t\t\t<div class=\"elementor-element elementor-element-53c1e0b animated-fast elementor-invisible elementor-widget elementor-widget-text-editor\" data-id=\"53c1e0b\" data-element_type=\"widget\" data-settings=\"{&quot;_animation&quot;:&quot;fadeInUp&quot;,&quot;_animation_delay&quot;:200}\" data-widget_type=\"text-editor.default\">\n\t\t\t\t<div class=\"elementor-widget-container\">\n\t\t\t\t\t\t\t\t\t<p style=\"text-align: left;\">620 000 \u20ac HT<\/p>\t\t\t\t\t\t\t\t<\/div>\n\t\t\t\t<\/div>\n\t\t\t\t<div class=\"elementor-element elementor-element-40ac03a animated-fast elementor-invisible elementor-widget elementor-widget-heading\" data-id=\"40ac03a\" data-element_type=\"widget\" data-settings=\"{&quot;_animation&quot;:&quot;fadeInUp&quot;,&quot;_animation_delay&quot;:200}\" data-widget_type=\"heading.default\">\n\t\t\t\t<div class=\"elementor-widget-container\">\n\t\t\t\t\t<span class=\"elementor-heading-title elementor-size-default\">SURFACE <\/span>\t\t\t\t<\/div>\n\t\t\t\t<\/div>\n\t\t\t\t<div class=\"elementor-element elementor-element-225d76d animated-fast elementor-invisible elementor-widget elementor-widget-text-editor\" data-id=\"225d76d\" data-element_type=\"widget\" data-settings=\"{&quot;_animation&quot;:&quot;fadeInUp&quot;,&quot;_animation_delay&quot;:200}\" data-widget_type=\"text-editor.default\">\n\t\t\t\t<div class=\"elementor-widget-container\">\n\t\t\t\t\t\t\t\t\t<p style=\"text-align: left;\">5 500 m2<\/p>\t\t\t\t\t\t\t\t<\/div>\n\t\t\t\t<\/div>\n\t\t\t\t<div class=\"elementor-element elementor-element-e6789dc animated-fast elementor-invisible elementor-widget elementor-widget-heading\" data-id=\"e6789dc\" data-element_type=\"widget\" data-settings=\"{&quot;_animation&quot;:&quot;fadeInUp&quot;,&quot;_animation_delay&quot;:200}\" data-widget_type=\"heading.default\">\n\t\t\t\t<div class=\"elementor-widget-container\">\n\t\t\t\t\t<span class=\"elementor-heading-title elementor-size-default\">EQUIPE<\/span>\t\t\t\t<\/div>\n\t\t\t\t<\/div>\n\t\t\t\t<div class=\"elementor-element elementor-element-d37f1ca animated-fast elementor-invisible elementor-widget elementor-widget-text-editor\" data-id=\"d37f1ca\" data-element_type=\"widget\" data-settings=\"{&quot;_animation&quot;:&quot;fadeInUp&quot;,&quot;_animation_delay&quot;:200}\" data-widget_type=\"text-editor.default\">\n\t\t\t\t<div class=\"elementor-widget-container\">\n\t\t\t\t\t\t\t\t\t<p class=\"p1\">Territoires, paysagistes mandataire<\/p>\t\t\t\t\t\t\t\t<\/div>\n\t\t\t\t<\/div>\n\t\t\t\t<div class=\"elementor-element elementor-element-43684e1 elementor-widget elementor-widget-spacer\" data-id=\"43684e1\" data-element_type=\"widget\" data-widget_type=\"spacer.default\">\n\t\t\t\t<div class=\"elementor-widget-container\">\n\t\t\t\t\t\t\t<div class=\"elementor-spacer\">\n\t\t\t<div class=\"elementor-spacer-inner\"><\/div>\n\t\t<\/div>\n\t\t\t\t\t\t<\/div>\n\t\t\t\t<\/div>\n\t\t\t\t<div class=\"elementor-element elementor-element-dc3e861 animated-fast elementor-invisible elementor-widget elementor-widget-heading\" data-id=\"dc3e861\" data-element_type=\"widget\" data-settings=\"{&quot;_animation&quot;:&quot;fadeInUp&quot;,&quot;_animation_delay&quot;:200}\" data-widget_type=\"heading.default\">\n\t\t\t\t<div class=\"elementor-widget-container\">\n\t\t\t\t\t<span class=\"elementor-heading-title elementor-size-default\">MISSIONS<\/span>\t\t\t\t<\/div>\n\t\t\t\t<\/div>\n\t\t\t\t<div class=\"elementor-element elementor-element-f2d253d animated-fast elementor-invisible elementor-widget elementor-widget-text-editor\" data-id=\"f2d253d\" data-element_type=\"widget\" data-settings=\"{&quot;_animation_delay&quot;:200,&quot;_animation&quot;:&quot;fadeInUp&quot;}\" data-widget_type=\"text-editor.default\">\n\t\t\t\t<div class=\"elementor-widget-container\">\n\t\t\t\t\t\t\t\t\t<p class=\"p1\">3\u00e8me phase du Sch\u00e9ma d&rsquo;Am\u00e9nagement Urbain de Caract\u00e8re de Marnay (petite cit\u00e9 comtoise de caract\u00e8re)<\/p>\t\t\t\t\t\t\t\t<\/div>\n\t\t\t\t<\/div>\n\t\t\t\t<div class=\"elementor-element elementor-element-8f79d76 elementor-widget elementor-widget-spacer\" data-id=\"8f79d76\" data-element_type=\"widget\" data-widget_type=\"spacer.default\">\n\t\t\t\t<div class=\"elementor-widget-container\">\n\t\t\t\t\t\t\t<div class=\"elementor-spacer\">\n\t\t\t<div class=\"elementor-spacer-inner\"><\/div>\n\t\t<\/div>\n\t\t\t\t\t\t<\/div>\n\t\t\t\t<\/div>\n\t\t\t\t<div class=\"elementor-element elementor-element-614f6be animated-fast elementor-invisible elementor-widget elementor-widget-heading\" data-id=\"614f6be\" data-element_type=\"widget\" data-settings=\"{&quot;_animation&quot;:&quot;fadeInUp&quot;,&quot;_animation_delay&quot;:200}\" data-widget_type=\"heading.default\">\n\t\t\t\t<div class=\"elementor-widget-container\">\n\t\t\t\t\t<span class=\"elementor-heading-title elementor-size-default\">MOTS CLES<\/span>\t\t\t\t<\/div>\n\t\t\t\t<\/div>\n\t\t\t\t<div class=\"elementor-element elementor-element-5229924 animated-fast elementor-invisible elementor-widget elementor-widget-text-editor\" data-id=\"5229924\" data-element_type=\"widget\" data-settings=\"{&quot;_animation&quot;:&quot;fadeInUp&quot;,&quot;_animation_delay&quot;:600}\" data-widget_type=\"text-editor.default\">\n\t\t\t\t<div class=\"elementor-widget-container\">\n\t\t\t\t\t\t\t\t\t<p class=\"p1\"><b>Ch\u00e2teau, passerelle, patrimoine, histoire, belv\u00e9d\u00e8re, rivi\u00e8re<\/b><\/p>\t\t\t\t\t\t\t\t<\/div>\n\t\t\t\t<\/div>\n\t\t\t\t<div class=\"elementor-element elementor-element-d941307 elementor-widget elementor-widget-spacer\" data-id=\"d941307\" data-element_type=\"widget\" data-widget_type=\"spacer.default\">\n\t\t\t\t<div class=\"elementor-widget-container\">\n\t\t\t\t\t\t\t<div class=\"elementor-spacer\">\n\t\t\t<div class=\"elementor-spacer-inner\"><\/div>\n\t\t<\/div>\n\t\t\t\t\t\t<\/div>\n\t\t\t\t<\/div>\n\t\t\t\t<div class=\"elementor-element elementor-element-950f941 animated-fast elementor-invisible elementor-widget elementor-widget-heading\" data-id=\"950f941\" data-element_type=\"widget\" data-settings=\"{&quot;_animation&quot;:&quot;fadeInUp&quot;,&quot;_animation_delay&quot;:200}\" data-widget_type=\"heading.default\">\n\t\t\t\t<div class=\"elementor-widget-container\">\n\t\t\t\t\t<span class=\"elementor-heading-title elementor-size-default\">CR\u00e9DITS images<\/span>\t\t\t\t<\/div>\n\t\t\t\t<\/div>\n\t\t\t\t<div class=\"elementor-element elementor-element-e63b990 animated-fast elementor-invisible elementor-widget elementor-widget-text-editor\" data-id=\"e63b990\" data-element_type=\"widget\" data-settings=\"{&quot;_animation_delay&quot;:200,&quot;_animation&quot;:&quot;fadeInUp&quot;}\" data-widget_type=\"text-editor.default\">\n\t\t\t\t<div class=\"elementor-widget-container\">\n\t\t\t\t\t\t\t\t\t<p>Nicolas Waltefaugle, Victorine Lalire, Valentin Kottelat<strong><br><\/strong><\/p>\t\t\t\t\t\t\t\t<\/div>\n\t\t\t\t<\/div>\n\t\t\t\t\t<\/div>\n\t\t<\/div>\n\t\t\t\t\t<\/div>\n\t\t<\/section>\n\t\t\t\t<section class=\"elementor-section elementor-top-section elementor-element elementor-element-0e37125 elementor-section-boxed elementor-section-height-default elementor-section-height-default\" data-id=\"0e37125\" data-element_type=\"section\">\n\t\t\t\t\t\t<div class=\"elementor-container elementor-column-gap-default\">\n\t\t\t\t\t<div class=\"elementor-column elementor-col-100 elementor-top-column elementor-element elementor-element-8c93d61\" data-id=\"8c93d61\" data-element_type=\"column\">\n\t\t\t<div class=\"elementor-widget-wrap elementor-element-populated\">\n\t\t\t\t\t\t<div class=\"elementor-element elementor-element-713a6c0 elementor-widget elementor-widget-photographer-gallery-masonry\" data-id=\"713a6c0\" data-element_type=\"widget\" data-widget_type=\"photographer-gallery-masonry.default\">\n\t\t\t\t<div class=\"elementor-widget-container\">\n\t\t\t\t\t<div class=\"gallery_grid_content_wrapper do_masonry layout_tg_two_cols has_space\" data-cols=\"2\">\n\t\t<div class=\"gallery_grid_item tg_two_cols  \">\n\t\t\t\t\t\t\t<img decoding=\"async\" src=\"https:\/\/territoirespaysagistes.com\/wp-content\/uploads\/2024\/11\/IMG_2274-768x1024.jpg\" class=\"lazy_masonry\" alt>\n\t\t\t\t\t<\/div>\n\t\t<div class=\"gallery_grid_item tg_two_cols last \">\n\t\t\t\t\t\t\t<img decoding=\"async\" src=\"https:\/\/territoirespaysagistes.com\/wp-content\/uploads\/2024\/11\/IMG_2281-768x1024.jpg\" class=\"lazy_masonry\" alt>\n\t\t\t\t\t<\/div>\n\t\t<div class=\"gallery_grid_item tg_two_cols  \">\n\t\t\t\t\t\t\t<img decoding=\"async\" src=\"https:\/\/territoirespaysagistes.com\/wp-content\/uploads\/2023\/01\/DSCF1433-768x1152.jpg\" class=\"lazy_masonry\" alt>\n\t\t\t\t\t<\/div>\n\t\t<div class=\"gallery_grid_item tg_two_cols last \">\n\t\t\t\t\t\t\t<img decoding=\"async\" src=\"https:\/\/territoirespaysagistes.com\/wp-content\/uploads\/2023\/01\/DSF0504-768x512.jpg\" class=\"lazy_masonry\" alt>\n\t\t\t\t\t<\/div>\n\t\t<div class=\"gallery_grid_item tg_two_cols  \">\n\t\t\t\t\t\t\t<img decoding=\"async\" src=\"https:\/\/territoirespaysagistes.com\/wp-content\/uploads\/2023\/01\/DSCF1439-768x1339.jpg\" class=\"lazy_masonry\" alt>\n\t\t\t\t\t<\/div>\n\t\t<div class=\"gallery_grid_item tg_two_cols last \">\n\t\t\t\t\t\t\t<img decoding=\"async\" src=\"https:\/\/territoirespaysagistes.com\/wp-content\/uploads\/2023\/01\/DSF0492-768x1153.jpg\" class=\"lazy_masonry\" alt>\n\t\t\t\t\t<\/div>\n\t\t<div class=\"gallery_grid_item tg_two_cols  \">\n\t\t\t\t\t\t\t<img decoding=\"async\" src=\"https:\/\/territoirespaysagistes.com\/wp-content\/uploads\/2023\/01\/DSF0496-768x1153.jpg\" class=\"lazy_masonry\" alt>\n\t\t\t\t\t<\/div>\n\t\t<div class=\"gallery_grid_item tg_two_cols last \">\n\t\t\t\t\t\t\t<img decoding=\"async\" src=\"https:\/\/territoirespaysagistes.com\/wp-content\/uploads\/2023\/01\/DSF0485-768x582.jpg\" class=\"lazy_masonry\" alt>\n\t\t\t\t\t<\/div>\n\t\t<div class=\"gallery_grid_item tg_two_cols  \">\n\t\t\t\t\t\t\t<img decoding=\"async\" src=\"https:\/\/territoirespaysagistes.com\/wp-content\/uploads\/2023\/01\/DSF0488-768x987.jpg\" class=\"lazy_masonry\" alt>\n\t\t\t\t\t<\/div>\n\t\t<div class=\"gallery_grid_item tg_two_cols last \">\n\t\t\t\t\t\t\t<img decoding=\"async\" src=\"https:\/\/territoirespaysagistes.com\/wp-content\/uploads\/2023\/01\/DSCF1452-768x1152.jpg\" class=\"lazy_masonry\" alt>\n\t\t\t\t\t<\/div>\n<br class=\"clear\">\n<\/div>\n\t\t\t\t<\/div>\n\t\t\t\t<\/div>\n\t\t\t\t\t<\/div>\n\t\t<\/div>\n\t\t\t\t\t<\/div>\n\t\t<\/section>\n\t\t\t\t<\/div>\n\t\t      ","protected":false},"excerpt":{"rendered":"<p>Ouvrir les fen\u00eatres La placette du lavoir, la passerelle pi\u00e9tonne en rive de l\u2019Ognon et la place du Ch\u00e2teau constituent les derni\u00e8res tranches d\u2019une longue s\u00e9rie de restauration des espaces publics de Marnay. Chacune d\u2019elles offre l\u2019occasion de reprendre les [&hellip;]<\/p>\n","protected":false},"author":1,"featured_media":0,"parent":0,"menu_order":0,"comment_status":"closed","ping_status":"closed","template":"","meta":{"_monsterinsights_skip_tracking":false,"_monsterinsights_sitenote_active":false,"_monsterinsights_sitenote_note":"","_monsterinsights_sitenote_category":0,"footnotes":""},"class_list":["post-5457","page","type-page","status-publish","hentry"],"aioseo_notices":[],"_links":{"self":[{"href":"https:\/\/territoirespaysagistes.com\/index.php\/wp-json\/wp\/v2\/pages\/5457","targetHints":{"allow":["GET"]}}],"collection":[{"href":"https:\/\/territoirespaysagistes.com\/index.php\/wp-json\/wp\/v2\/pages"}],"about":[{"href":"https:\/\/territoirespaysagistes.com\/index.php\/wp-json\/wp\/v2\/types\/page"}],"author":[{"embeddable":true,"href":"https:\/\/territoirespaysagistes.com\/index.php\/wp-json\/wp\/v2\/users\/1"}],"replies":[{"embeddable":true,"href":"https:\/\/territoirespaysagistes.com\/index.php\/wp-json\/wp\/v2\/comments?post=5457"}],"version-history":[{"count":13,"href":"https:\/\/territoirespaysagistes.com\/index.php\/wp-json\/wp\/v2\/pages\/5457\/revisions"}],"predecessor-version":[{"id":6960,"href":"https:\/\/territoirespaysagistes.com\/index.php\/wp-json\/wp\/v2\/pages\/5457\/revisions\/6960"}],"wp:attachment":[{"href":"https:\/\/territoirespaysagistes.com\/index.php\/wp-json\/wp\/v2\/media?parent=5457"}],"curies":[{"name":"wp","href":"https:\/\/api.w.org\/{rel}","templated":true}]}}