{"id":4999,"date":"2020-11-12T18:26:37","date_gmt":"2020-11-12T17:26:37","guid":{"rendered":"https:\/\/territoirespaysagistes.com\/?page_id=4999"},"modified":"2023-02-27T16:19:16","modified_gmt":"2023-02-27T15:19:16","slug":"le-grand-cours","status":"publish","type":"page","link":"https:\/\/territoirespaysagistes.com\/index.php\/le-grand-cours\/","title":{"rendered":"LE GRAND COURS"},"content":{"rendered":"<div data-elementor-type=\"wp-post\" data-elementor-id=\"4999\" class=\"elementor elementor-4999\">\n\t\t\t\t\t\t<section class=\"elementor-section elementor-top-section elementor-element elementor-element-e484b1d elementor-section-stretched elementor-section-height-min-height elementor-section-boxed elementor-section-height-default elementor-section-items-middle\" data-id=\"e484b1d\" data-element_type=\"section\" data-settings=\"{&quot;stretch_section&quot;:&quot;section-stretched&quot;,&quot;background_background&quot;:&quot;slideshow&quot;,&quot;background_slideshow_gallery&quot;:[{&quot;id&quot;:5020,&quot;url&quot;:&quot;https:\\\/\\\/territoirespaysagistes.com\\\/wp-content\\\/uploads\\\/2020\\\/11\\\/axo-constats.jpg&quot;},{&quot;id&quot;:5019,&quot;url&quot;:&quot;https:\\\/\\\/territoirespaysagistes.com\\\/wp-content\\\/uploads\\\/2020\\\/11\\\/axo-hypothe\\u0300ses-e1677511131487.jpg&quot;}],&quot;background_slideshow_slide_duration&quot;:8000,&quot;background_slideshow_loop&quot;:&quot;yes&quot;,&quot;background_slideshow_slide_transition&quot;:&quot;fade&quot;,&quot;background_slideshow_transition_duration&quot;:500}\">\n\t\t\t\t\t\t<div class=\"elementor-container elementor-column-gap-default\">\n\t\t\t\t\t<div class=\"elementor-column elementor-col-100 elementor-top-column elementor-element elementor-element-e65cc1c\" data-id=\"e65cc1c\" data-element_type=\"column\">\n\t\t\t<div class=\"elementor-widget-wrap\">\n\t\t\t\t\t\t\t<\/div>\n\t\t<\/div>\n\t\t\t\t\t<\/div>\n\t\t<\/section>\n\t\t\t\t<section class=\"elementor-section elementor-top-section elementor-element elementor-element-53c7c7c elementor-section-boxed elementor-section-height-default elementor-section-height-default\" data-id=\"53c7c7c\" data-element_type=\"section\">\n\t\t\t\t\t\t<div class=\"elementor-container elementor-column-gap-wider\">\n\t\t\t\t\t<div class=\"elementor-column elementor-col-50 elementor-top-column elementor-element elementor-element-254a0e2\" data-id=\"254a0e2\" data-element_type=\"column\">\n\t\t\t<div class=\"elementor-widget-wrap elementor-element-populated\">\n\t\t\t\t\t\t<div class=\"elementor-element elementor-element-1036483 animated-fast elementor-invisible elementor-widget elementor-widget-heading\" data-id=\"1036483\" data-element_type=\"widget\" data-settings=\"{&quot;_animation&quot;:&quot;fadeInUp&quot;}\" data-widget_type=\"heading.default\">\n\t\t\t\t<div class=\"elementor-widget-container\">\n\t\t\t\t\t<h1 class=\"elementor-heading-title elementor-size-default\">Les jardins lin\u00e9aires<\/h1>\t\t\t\t<\/div>\n\t\t\t\t<\/div>\n\t\t\t\t<div class=\"elementor-element elementor-element-750592f elementor-widget elementor-widget-spacer\" data-id=\"750592f\" data-element_type=\"widget\" data-widget_type=\"spacer.default\">\n\t\t\t\t<div class=\"elementor-widget-container\">\n\t\t\t\t\t\t\t<div class=\"elementor-spacer\">\n\t\t\t<div class=\"elementor-spacer-inner\"><\/div>\n\t\t<\/div>\n\t\t\t\t\t\t<\/div>\n\t\t\t\t<\/div>\n\t\t\t\t<div class=\"elementor-element elementor-element-78212cf animated-fast elementor-invisible elementor-widget elementor-widget-text-editor\" data-id=\"78212cf\" data-element_type=\"widget\" data-settings=\"{&quot;_animation&quot;:&quot;fadeInUp&quot;,&quot;_animation_delay&quot;:800}\" data-widget_type=\"text-editor.default\">\n\t\t\t\t<div class=\"elementor-widget-container\">\n\t\t\t\t\t\t\t\t\t<p class=\"p1\"><span class=\"s1\">Le Grand Cours apparait comme une v\u00e9ritable respiration urbaine dans le tissu de la ville. En c\u00f4toyant la rivi\u00e8re du Doubs, il se connecte directement au grand territoire qui entoure Pontarlier. L\u2019\u00e9tude urbaine sur la trame verte et bleue tend \u00e0 d\u00e9montrer l\u2019importance de la connexion du grand cours \u00e0 une \u00e9chelle plus grande que le p\u00e9rim\u00e8tre d\u2019\u00e9tude. Il doit permettre d\u2019ouvrir les connexion \u00e0 l\u2019ensemble des berges et au centre ville, par un r\u00e9seau de modes doux : pi\u00e9ton et cycle. Il constitue aussi une grande respiration avec la prolongation ouest (la grande halle). <\/span><\/p><p class=\"p1\"><span class=\"s1\">L\u2019am\u00e9nagement actuel du grand cours ne permet pas de lire une v\u00e9ritable intention paysag\u00e8re, ni d\u2019intention programmatique. Ce parc \u00e9tait \u00e0 l\u2019origine compos\u00e9 d\u2019alignements d\u2019arbre, qui lui conf\u00e9rait son appellation de cours. Aujourd\u2019hui, il n\u2019a plus v\u00e9ritablement d\u2019identit\u00e9 malgr\u00e9 sa capacit\u00e9 \u00e0 accueillir encore les grandes manifestations de la ville.<\/span><\/p><p class=\"p1\"><span style=\"text-decoration: underline;\"><span class=\"s1\"><b>Un sch\u00e9ma directeur en 5 axes :<\/b><\/span><\/span><\/p><p class=\"p1\"><span class=\"s2\"><b>Travailler la limite comme une lisi\u00e8re :<\/b> <\/span><\/p><p class=\"p1\"><span class=\"s2\">Les limites actuelles du Grand Cours sont tr\u00e8s franches, ce grand espace libre ne dialogue que tr\u00e8s peu avec son environnement, et encore moins avec le grand paysage. Il s\u2019agit donc de faire apparaitre ses connexions possibles avec : le Doubs, la halle et le centre ville. A l\u2019image des syst\u00e8me de parc d\u2019Olmsted, le but est d\u2019\u00e9tirer le parc dans tout les axes possibles pour penser le parc comme r\u00e9seau et non comme espace d\u00e9limit\u00e9. <\/span><\/p><p class=\"p1\"><span class=\"s2\"><b>Limiter l\u2019artificialisation des sols :<\/b> <\/span><\/p><p class=\"p1\"><span class=\"s2\">L\u2019utilisation de mat\u00e9riaux perm\u00e9ables permet une infiltration de l\u2019eau directement dans les sols, sans recourir \u00e0 des techniques tr\u00e8s invasives pour les sols, de tuyauterie et autres objets techniques. Cela permet aussi de r\u00e9duire les co\u00fbts, notamment dans l&rsquo;entretient de ces outils techniques.<\/span><\/p><p class=\"p1\"><span class=\"s2\"><b>Travailler avec la g\u00e9ographie :<\/b> <\/span><\/p><p class=\"p1\"><span class=\"s2\">Depuis quelques si\u00e8cles, les cours d\u2019eau notamment, son vu comme des infrastructures techniques, qu\u2019il faut maitriser et contraindre. Le savoir des derni\u00e8res d\u00e9cennies nous a appris que nous avons plus \u00e0 perdre qu\u2019\u00e0 gagner avec ces strat\u00e9gies urbaines. Les \u00e9quipements d\u00e9fensives contre les crues notamment sont tr\u00e8s couteux et parviennent de moins en moins \u00e0 limiter les al\u00e9as climatiques. Dans une d\u00e9marche de projet, il semble bien plus pertinent de travailler <b>avec<\/b> ces al\u00e9as, et de r\u00e9v\u00e9ler ces \u00e9l\u00e9ments g\u00e9ographiques vivants. <\/span><\/p><p class=\"p1\"><span class=\"s2\"><b>Tisser des liens avec le grand paysage :<\/b> A la mani\u00e8re des syst\u00e8mes de parc de Olmsted, il s\u2019agit de penser le grand cours dans une \u00e9chelle bien plus grande, qui va chercher les \u00e9l\u00e9ments remarquables du paysage lointain, invitant \u00e0 appr\u00e9hender la ville au del\u00e0 de ses fronti\u00e8res administratives : la chapelle de l&rsquo;esp\u00e9rance et les diverses collines avoisinantes.<\/span><\/p><p class=\"p1\"><span class=\"s2\"><b>L\u2019histoire comme base pour raconter un territoire :<\/b> Le si\u00e8cle pass\u00e9 \u00e0 eu tendance dans les projets urbains \u00e0 rompre le lien avec le pass\u00e9. Cependant, pour donner du sens et un contexte aux futurs projets, il est n\u00e9cessaires de tisser des liens avec ce qui a pr\u00e9exist\u00e9, et pourquoi pas, \u00e0 la mani\u00e8re d\u2019arch\u00e9ologues, les faire r\u00e9appara\u00eetre. <\/span><\/p>\t\t\t\t\t\t\t\t<\/div>\n\t\t\t\t<\/div>\n\t\t\t\t<div class=\"elementor-element elementor-element-6a96b35 elementor-widget elementor-widget-spacer\" data-id=\"6a96b35\" data-element_type=\"widget\" data-widget_type=\"spacer.default\">\n\t\t\t\t<div class=\"elementor-widget-container\">\n\t\t\t\t\t\t\t<div class=\"elementor-spacer\">\n\t\t\t<div class=\"elementor-spacer-inner\"><\/div>\n\t\t<\/div>\n\t\t\t\t\t\t<\/div>\n\t\t\t\t<\/div>\n\t\t\t\t<div class=\"elementor-element elementor-element-522ec93 elementor-widget elementor-widget-spacer\" data-id=\"522ec93\" data-element_type=\"widget\" data-widget_type=\"spacer.default\">\n\t\t\t\t<div class=\"elementor-widget-container\">\n\t\t\t\t\t\t\t<div class=\"elementor-spacer\">\n\t\t\t<div class=\"elementor-spacer-inner\"><\/div>\n\t\t<\/div>\n\t\t\t\t\t\t<\/div>\n\t\t\t\t<\/div>\n\t\t\t\t<div class=\"elementor-element elementor-element-e0b3660 animated-fast elementor-invisible elementor-widget elementor-widget-image\" data-id=\"e0b3660\" data-element_type=\"widget\" data-settings=\"{&quot;_animation&quot;:&quot;fadeInUp&quot;}\" data-widget_type=\"image.default\">\n\t\t\t\t<div class=\"elementor-widget-container\">\n\t\t\t\t\t\t\t\t\t\t\t\t\t\t\t<noscript><img fetchpriority=\"high\" decoding=\"async\" width=\"960\" height=\"604\" src=\"https:\/\/territoirespaysagistes.com\/wp-content\/uploads\/2020\/11\/axo-hypothe\u0300ses-e1677511131487-960x604.jpg\" class=\"attachment-architecturer-blog size-architecturer-blog wp-image-5019\" alt srcset=\"https:\/\/territoirespaysagistes.com\/wp-content\/uploads\/2020\/11\/axo-hypothe\u0300ses-e1677511131487-960x604.jpg 960w, https:\/\/territoirespaysagistes.com\/wp-content\/uploads\/2020\/11\/axo-hypothe\u0300ses-e1677511131487-300x189.jpg 300w, https:\/\/territoirespaysagistes.com\/wp-content\/uploads\/2020\/11\/axo-hypothe\u0300ses-e1677511131487-1024x645.jpg 1024w, https:\/\/territoirespaysagistes.com\/wp-content\/uploads\/2020\/11\/axo-hypothe\u0300ses-e1677511131487-768x484.jpg 768w, https:\/\/territoirespaysagistes.com\/wp-content\/uploads\/2020\/11\/axo-hypothe\u0300ses-e1677511131487-1536x967.jpg 1536w, https:\/\/territoirespaysagistes.com\/wp-content\/uploads\/2020\/11\/axo-hypothe\u0300ses-e1677511131487-440x277.jpg 440w, https:\/\/territoirespaysagistes.com\/wp-content\/uploads\/2020\/11\/axo-hypothe\u0300ses-e1677511131487.jpg 1920w\" sizes=\"(max-width: 960px) 100vw, 960px\"><\/noscript><img fetchpriority=\"high\" decoding=\"async\" width=\"960\" height=\"604\" src=\"data:image\/svg+xml,%3Csvg%20xmlns%3D%22http%3A%2F%2Fwww.w3.org%2F2000%2Fsvg%22%20viewBox%3D%220%200%20960%20604%22%3E%3C%2Fsvg%3E\" class=\"attachment-architecturer-blog size-architecturer-blog wp-image-5019 lazyload\" alt srcset=\"data:image\/svg+xml,%3Csvg%20xmlns%3D%22http%3A%2F%2Fwww.w3.org%2F2000%2Fsvg%22%20viewBox%3D%220%200%20960%20604%22%3E%3C%2Fsvg%3E 960w\" sizes=\"(max-width: 960px) 100vw, 960px\" data-srcset=\"https:\/\/territoirespaysagistes.com\/wp-content\/uploads\/2020\/11\/axo-hypothe\u0300ses-e1677511131487-960x604.jpg 960w, https:\/\/territoirespaysagistes.com\/wp-content\/uploads\/2020\/11\/axo-hypothe\u0300ses-e1677511131487-300x189.jpg 300w, https:\/\/territoirespaysagistes.com\/wp-content\/uploads\/2020\/11\/axo-hypothe\u0300ses-e1677511131487-1024x645.jpg 1024w, https:\/\/territoirespaysagistes.com\/wp-content\/uploads\/2020\/11\/axo-hypothe\u0300ses-e1677511131487-768x484.jpg 768w, https:\/\/territoirespaysagistes.com\/wp-content\/uploads\/2020\/11\/axo-hypothe\u0300ses-e1677511131487-1536x967.jpg 1536w, https:\/\/territoirespaysagistes.com\/wp-content\/uploads\/2020\/11\/axo-hypothe\u0300ses-e1677511131487-440x277.jpg 440w, https:\/\/territoirespaysagistes.com\/wp-content\/uploads\/2020\/11\/axo-hypothe\u0300ses-e1677511131487.jpg 1920w\" data-src=\"https:\/\/territoirespaysagistes.com\/wp-content\/uploads\/2020\/11\/axo-hypothe\u0300ses-e1677511131487-960x604.jpg\">\t\t\t\t\t\t\t\t\t\t\t\t\t\t\t<\/div>\n\t\t\t\t<\/div>\n\t\t\t\t<div class=\"elementor-element elementor-element-b450491 animated-fast elementor-invisible elementor-widget elementor-widget-image\" data-id=\"b450491\" data-element_type=\"widget\" data-settings=\"{&quot;_animation&quot;:&quot;fadeInUp&quot;}\" data-widget_type=\"image.default\">\n\t\t\t\t<div class=\"elementor-widget-container\">\n\t\t\t\t\t\t\t\t\t\t\t\t\t\t\t<noscript><img decoding=\"async\" width=\"1200\" height=\"1920\" src=\"https:\/\/territoirespaysagistes.com\/wp-content\/uploads\/2020\/11\/zooms.jpg\" class=\"attachment-full size-full wp-image-5018\" alt srcset=\"https:\/\/territoirespaysagistes.com\/wp-content\/uploads\/2020\/11\/zooms.jpg 1200w, https:\/\/territoirespaysagistes.com\/wp-content\/uploads\/2020\/11\/zooms-188x300.jpg 188w, https:\/\/territoirespaysagistes.com\/wp-content\/uploads\/2020\/11\/zooms-640x1024.jpg 640w, https:\/\/territoirespaysagistes.com\/wp-content\/uploads\/2020\/11\/zooms-768x1229.jpg 768w, https:\/\/territoirespaysagistes.com\/wp-content\/uploads\/2020\/11\/zooms-960x1536.jpg 960w, https:\/\/territoirespaysagistes.com\/wp-content\/uploads\/2020\/11\/zooms-440x704.jpg 440w\" sizes=\"(max-width: 1200px) 100vw, 1200px\"><\/noscript><img decoding=\"async\" width=\"1200\" height=\"1920\" src=\"data:image\/svg+xml,%3Csvg%20xmlns%3D%22http%3A%2F%2Fwww.w3.org%2F2000%2Fsvg%22%20viewBox%3D%220%200%201200%201920%22%3E%3C%2Fsvg%3E\" class=\"attachment-full size-full wp-image-5018 lazyload\" alt srcset=\"data:image\/svg+xml,%3Csvg%20xmlns%3D%22http%3A%2F%2Fwww.w3.org%2F2000%2Fsvg%22%20viewBox%3D%220%200%201200%201920%22%3E%3C%2Fsvg%3E 1200w\" sizes=\"(max-width: 1200px) 100vw, 1200px\" data-srcset=\"https:\/\/territoirespaysagistes.com\/wp-content\/uploads\/2020\/11\/zooms.jpg 1200w, https:\/\/territoirespaysagistes.com\/wp-content\/uploads\/2020\/11\/zooms-188x300.jpg 188w, https:\/\/territoirespaysagistes.com\/wp-content\/uploads\/2020\/11\/zooms-640x1024.jpg 640w, https:\/\/territoirespaysagistes.com\/wp-content\/uploads\/2020\/11\/zooms-768x1229.jpg 768w, https:\/\/territoirespaysagistes.com\/wp-content\/uploads\/2020\/11\/zooms-960x1536.jpg 960w, https:\/\/territoirespaysagistes.com\/wp-content\/uploads\/2020\/11\/zooms-440x704.jpg 440w\" data-src=\"https:\/\/territoirespaysagistes.com\/wp-content\/uploads\/2020\/11\/zooms.jpg\">\t\t\t\t\t\t\t\t\t\t\t\t\t\t\t<\/div>\n\t\t\t\t<\/div>\n\t\t\t\t\t<\/div>\n\t\t<\/div>\n\t\t\t\t<div class=\"elementor-column elementor-col-50 elementor-top-column elementor-element elementor-element-218731e\" data-id=\"218731e\" data-element_type=\"column\">\n\t\t\t<div class=\"elementor-widget-wrap elementor-element-populated\">\n\t\t\t\t\t\t<div class=\"elementor-element elementor-element-2435e96 elementor-widget elementor-widget-spacer\" data-id=\"2435e96\" data-element_type=\"widget\" data-widget_type=\"spacer.default\">\n\t\t\t\t<div class=\"elementor-widget-container\">\n\t\t\t\t\t\t\t<div class=\"elementor-spacer\">\n\t\t\t<div class=\"elementor-spacer-inner\"><\/div>\n\t\t<\/div>\n\t\t\t\t\t\t<\/div>\n\t\t\t\t<\/div>\n\t\t\t\t<div class=\"elementor-element elementor-element-3160f20 animated-fast elementor-invisible elementor-widget elementor-widget-heading\" data-id=\"3160f20\" data-element_type=\"widget\" data-settings=\"{&quot;_animation&quot;:&quot;fadeInUp&quot;,&quot;_animation_delay&quot;:200}\" data-widget_type=\"heading.default\">\n\t\t\t\t<div class=\"elementor-widget-container\">\n\t\t\t\t\t<span class=\"elementor-heading-title elementor-size-default\">Location<\/span>\t\t\t\t<\/div>\n\t\t\t\t<\/div>\n\t\t\t\t<div class=\"elementor-element elementor-element-3bacd9f animated-fast elementor-invisible elementor-widget elementor-widget-text-editor\" data-id=\"3bacd9f\" data-element_type=\"widget\" data-settings=\"{&quot;_animation&quot;:&quot;fadeInUp&quot;,&quot;_animation_delay&quot;:200}\" data-widget_type=\"text-editor.default\">\n\t\t\t\t<div class=\"elementor-widget-container\">\n\t\t\t\t\t\t\t\t\t<p style=\"text-align: left;\">Pontarlier, Fr<\/p>\t\t\t\t\t\t\t\t<\/div>\n\t\t\t\t<\/div>\n\t\t\t\t<div class=\"elementor-element elementor-element-d78a9bf animated-fast elementor-invisible elementor-widget elementor-widget-heading\" data-id=\"d78a9bf\" data-element_type=\"widget\" data-settings=\"{&quot;_animation&quot;:&quot;fadeInUp&quot;,&quot;_animation_delay&quot;:400}\" data-widget_type=\"heading.default\">\n\t\t\t\t<div class=\"elementor-widget-container\">\n\t\t\t\t\t<span class=\"elementor-heading-title elementor-size-default\">MAITRISE D'OUVRAGE<\/span>\t\t\t\t<\/div>\n\t\t\t\t<\/div>\n\t\t\t\t<div class=\"elementor-element elementor-element-e930298 animated-fast elementor-invisible elementor-widget elementor-widget-text-editor\" data-id=\"e930298\" data-element_type=\"widget\" data-settings=\"{&quot;_animation&quot;:&quot;fadeInUp&quot;,&quot;_animation_delay&quot;:400}\" data-widget_type=\"text-editor.default\">\n\t\t\t\t<div class=\"elementor-widget-container\">\n\t\t\t\t\t\t\t\t\t<p>Ville de Pontarlier<\/p>\t\t\t\t\t\t\t\t<\/div>\n\t\t\t\t<\/div>\n\t\t\t\t<div class=\"elementor-element elementor-element-41860b8 animated-fast elementor-invisible elementor-widget elementor-widget-heading\" data-id=\"41860b8\" data-element_type=\"widget\" data-settings=\"{&quot;_animation&quot;:&quot;fadeInUp&quot;,&quot;_animation_delay&quot;:600}\" data-widget_type=\"heading.default\">\n\t\t\t\t<div class=\"elementor-widget-container\">\n\t\t\t\t\t<span class=\"elementor-heading-title elementor-size-default\">DATES<\/span>\t\t\t\t<\/div>\n\t\t\t\t<\/div>\n\t\t\t\t<div class=\"elementor-element elementor-element-4cd760e animated-fast elementor-invisible elementor-widget elementor-widget-text-editor\" data-id=\"4cd760e\" data-element_type=\"widget\" data-settings=\"{&quot;_animation&quot;:&quot;fadeInUp&quot;,&quot;_animation_delay&quot;:600}\" data-widget_type=\"text-editor.default\">\n\t\t\t\t<div class=\"elementor-widget-container\">\n\t\t\t\t\t\t\t\t\t<p>2019<\/p>\t\t\t\t\t\t\t\t<\/div>\n\t\t\t\t<\/div>\n\t\t\t\t<div class=\"elementor-element elementor-element-90a4651 animated-fast elementor-invisible elementor-widget elementor-widget-heading\" data-id=\"90a4651\" data-element_type=\"widget\" data-settings=\"{&quot;_animation&quot;:&quot;fadeInUp&quot;,&quot;_animation_delay&quot;:200}\" data-widget_type=\"heading.default\">\n\t\t\t\t<div class=\"elementor-widget-container\">\n\t\t\t\t\t<span class=\"elementor-heading-title elementor-size-default\">MONTANT<\/span>\t\t\t\t<\/div>\n\t\t\t\t<\/div>\n\t\t\t\t<div class=\"elementor-element elementor-element-53c1e0b animated-fast elementor-invisible elementor-widget elementor-widget-text-editor\" data-id=\"53c1e0b\" data-element_type=\"widget\" data-settings=\"{&quot;_animation&quot;:&quot;fadeInUp&quot;,&quot;_animation_delay&quot;:200}\" data-widget_type=\"text-editor.default\">\n\t\t\t\t<div class=\"elementor-widget-container\">\n\t\t\t\t\t\t\t\t\t<p>&#8211;<\/p>\t\t\t\t\t\t\t\t<\/div>\n\t\t\t\t<\/div>\n\t\t\t\t<div class=\"elementor-element elementor-element-40ac03a animated-fast elementor-invisible elementor-widget elementor-widget-heading\" data-id=\"40ac03a\" data-element_type=\"widget\" data-settings=\"{&quot;_animation&quot;:&quot;fadeInUp&quot;,&quot;_animation_delay&quot;:200}\" data-widget_type=\"heading.default\">\n\t\t\t\t<div class=\"elementor-widget-container\">\n\t\t\t\t\t<span class=\"elementor-heading-title elementor-size-default\">SURFACE <\/span>\t\t\t\t<\/div>\n\t\t\t\t<\/div>\n\t\t\t\t<div class=\"elementor-element elementor-element-225d76d animated-fast elementor-invisible elementor-widget elementor-widget-text-editor\" data-id=\"225d76d\" data-element_type=\"widget\" data-settings=\"{&quot;_animation&quot;:&quot;fadeInUp&quot;,&quot;_animation_delay&quot;:200}\" data-widget_type=\"text-editor.default\">\n\t\t\t\t<div class=\"elementor-widget-container\">\n\t\t\t\t\t\t\t\t\t<p style=\"text-align: left;\">1 Ha<\/p>\t\t\t\t\t\t\t\t<\/div>\n\t\t\t\t<\/div>\n\t\t\t\t<div class=\"elementor-element elementor-element-e6789dc animated-fast elementor-invisible elementor-widget elementor-widget-heading\" data-id=\"e6789dc\" data-element_type=\"widget\" data-settings=\"{&quot;_animation&quot;:&quot;fadeInUp&quot;,&quot;_animation_delay&quot;:200}\" data-widget_type=\"heading.default\">\n\t\t\t\t<div class=\"elementor-widget-container\">\n\t\t\t\t\t<span class=\"elementor-heading-title elementor-size-default\">EQUIPE<\/span>\t\t\t\t<\/div>\n\t\t\t\t<\/div>\n\t\t\t\t<div class=\"elementor-element elementor-element-d37f1ca animated-fast elementor-invisible elementor-widget elementor-widget-text-editor\" data-id=\"d37f1ca\" data-element_type=\"widget\" data-settings=\"{&quot;_animation&quot;:&quot;fadeInUp&quot;,&quot;_animation_delay&quot;:200}\" data-widget_type=\"text-editor.default\">\n\t\t\t\t<div class=\"elementor-widget-container\">\n\t\t\t\t\t\t\t\t\t<p>Territoires, paysagistes<\/p>\t\t\t\t\t\t\t\t<\/div>\n\t\t\t\t<\/div>\n\t\t\t\t<div class=\"elementor-element elementor-element-43684e1 elementor-widget elementor-widget-spacer\" data-id=\"43684e1\" data-element_type=\"widget\" data-widget_type=\"spacer.default\">\n\t\t\t\t<div class=\"elementor-widget-container\">\n\t\t\t\t\t\t\t<div class=\"elementor-spacer\">\n\t\t\t<div class=\"elementor-spacer-inner\"><\/div>\n\t\t<\/div>\n\t\t\t\t\t\t<\/div>\n\t\t\t\t<\/div>\n\t\t\t\t<div class=\"elementor-element elementor-element-dc3e861 animated-fast elementor-invisible elementor-widget elementor-widget-heading\" data-id=\"dc3e861\" data-element_type=\"widget\" data-settings=\"{&quot;_animation&quot;:&quot;fadeInUp&quot;,&quot;_animation_delay&quot;:200}\" data-widget_type=\"heading.default\">\n\t\t\t\t<div class=\"elementor-widget-container\">\n\t\t\t\t\t<span class=\"elementor-heading-title elementor-size-default\">MISSIONS<\/span>\t\t\t\t<\/div>\n\t\t\t\t<\/div>\n\t\t\t\t<div class=\"elementor-element elementor-element-f2d253d animated-fast elementor-invisible elementor-widget elementor-widget-text-editor\" data-id=\"f2d253d\" data-element_type=\"widget\" data-settings=\"{&quot;_animation_delay&quot;:200,&quot;_animation&quot;:&quot;fadeInUp&quot;}\" data-widget_type=\"text-editor.default\">\n\t\t\t\t<div class=\"elementor-widget-container\">\n\t\t\t\t\t\t\t\t\t<p>Etude pour la requalification et la programmation du parc du Grand Cours<\/p>\t\t\t\t\t\t\t\t<\/div>\n\t\t\t\t<\/div>\n\t\t\t\t<div class=\"elementor-element elementor-element-8f79d76 elementor-widget elementor-widget-spacer\" data-id=\"8f79d76\" data-element_type=\"widget\" data-widget_type=\"spacer.default\">\n\t\t\t\t<div class=\"elementor-widget-container\">\n\t\t\t\t\t\t\t<div class=\"elementor-spacer\">\n\t\t\t<div class=\"elementor-spacer-inner\"><\/div>\n\t\t<\/div>\n\t\t\t\t\t\t<\/div>\n\t\t\t\t<\/div>\n\t\t\t\t<div class=\"elementor-element elementor-element-614f6be animated-fast elementor-invisible elementor-widget elementor-widget-heading\" data-id=\"614f6be\" data-element_type=\"widget\" data-settings=\"{&quot;_animation&quot;:&quot;fadeInUp&quot;,&quot;_animation_delay&quot;:200}\" data-widget_type=\"heading.default\">\n\t\t\t\t<div class=\"elementor-widget-container\">\n\t\t\t\t\t<span class=\"elementor-heading-title elementor-size-default\">MOTS CLES<\/span>\t\t\t\t<\/div>\n\t\t\t\t<\/div>\n\t\t\t\t<div class=\"elementor-element elementor-element-5229924 animated-fast elementor-invisible elementor-widget elementor-widget-text-editor\" data-id=\"5229924\" data-element_type=\"widget\" data-settings=\"{&quot;_animation&quot;:&quot;fadeInUp&quot;,&quot;_animation_delay&quot;:600}\" data-widget_type=\"text-editor.default\">\n\t\t\t\t<div class=\"elementor-widget-container\">\n\t\t\t\t\t\t\t\t\t<p>parc, changement climatique,&nbsp;<\/p>\t\t\t\t\t\t\t\t<\/div>\n\t\t\t\t<\/div>\n\t\t\t\t<div class=\"elementor-element elementor-element-d941307 elementor-widget elementor-widget-spacer\" data-id=\"d941307\" data-element_type=\"widget\" data-widget_type=\"spacer.default\">\n\t\t\t\t<div class=\"elementor-widget-container\">\n\t\t\t\t\t\t\t<div class=\"elementor-spacer\">\n\t\t\t<div class=\"elementor-spacer-inner\"><\/div>\n\t\t<\/div>\n\t\t\t\t\t\t<\/div>\n\t\t\t\t<\/div>\n\t\t\t\t<div class=\"elementor-element elementor-element-950f941 animated-fast elementor-invisible elementor-widget elementor-widget-heading\" data-id=\"950f941\" data-element_type=\"widget\" data-settings=\"{&quot;_animation&quot;:&quot;fadeInUp&quot;,&quot;_animation_delay&quot;:200}\" data-widget_type=\"heading.default\">\n\t\t\t\t<div class=\"elementor-widget-container\">\n\t\t\t\t\t<span class=\"elementor-heading-title elementor-size-default\">CR\u00e9DITS images<\/span>\t\t\t\t<\/div>\n\t\t\t\t<\/div>\n\t\t\t\t<div class=\"elementor-element elementor-element-e63b990 animated-fast elementor-invisible elementor-widget elementor-widget-text-editor\" data-id=\"e63b990\" data-element_type=\"widget\" data-settings=\"{&quot;_animation_delay&quot;:200,&quot;_animation&quot;:&quot;fadeInUp&quot;}\" data-widget_type=\"text-editor.default\">\n\t\t\t\t<div class=\"elementor-widget-container\">\n\t\t\t\t\t\t\t\t\t<p>Territoires<strong><br><\/strong><\/p>\t\t\t\t\t\t\t\t<\/div>\n\t\t\t\t<\/div>\n\t\t\t\t\t<\/div>\n\t\t<\/div>\n\t\t\t\t\t<\/div>\n\t\t<\/section>\n\t\t\t\t<\/div>\n\t\t      ","protected":false},"excerpt":{"rendered":"<p>Les jardins lin\u00e9aires Le Grand Cours apparait comme une v\u00e9ritable respiration urbaine dans le tissu de la ville. En c\u00f4toyant la rivi\u00e8re du Doubs, il se connecte directement au grand territoire qui entoure Pontarlier. L\u2019\u00e9tude urbaine sur la trame verte [&hellip;]<\/p>\n","protected":false},"author":1,"featured_media":0,"parent":0,"menu_order":0,"comment_status":"closed","ping_status":"closed","template":"","meta":{"_monsterinsights_skip_tracking":false,"_monsterinsights_sitenote_active":false,"_monsterinsights_sitenote_note":"","_monsterinsights_sitenote_category":0,"footnotes":""},"class_list":["post-4999","page","type-page","status-publish","hentry"],"aioseo_notices":[],"_links":{"self":[{"href":"https:\/\/territoirespaysagistes.com\/index.php\/wp-json\/wp\/v2\/pages\/4999","targetHints":{"allow":["GET"]}}],"collection":[{"href":"https:\/\/territoirespaysagistes.com\/index.php\/wp-json\/wp\/v2\/pages"}],"about":[{"href":"https:\/\/territoirespaysagistes.com\/index.php\/wp-json\/wp\/v2\/types\/page"}],"author":[{"embeddable":true,"href":"https:\/\/territoirespaysagistes.com\/index.php\/wp-json\/wp\/v2\/users\/1"}],"replies":[{"embeddable":true,"href":"https:\/\/territoirespaysagistes.com\/index.php\/wp-json\/wp\/v2\/comments?post=4999"}],"version-history":[{"count":9,"href":"https:\/\/territoirespaysagistes.com\/index.php\/wp-json\/wp\/v2\/pages\/4999\/revisions"}],"predecessor-version":[{"id":5779,"href":"https:\/\/territoirespaysagistes.com\/index.php\/wp-json\/wp\/v2\/pages\/4999\/revisions\/5779"}],"wp:attachment":[{"href":"https:\/\/territoirespaysagistes.com\/index.php\/wp-json\/wp\/v2\/media?parent=4999"}],"curies":[{"name":"wp","href":"https:\/\/api.w.org\/{rel}","templated":true}]}}