{"id":4856,"date":"2020-10-08T18:27:39","date_gmt":"2020-10-08T16:27:39","guid":{"rendered":"https:\/\/territoirespaysagistes.com\/?page_id=4856"},"modified":"2023-04-14T15:59:49","modified_gmt":"2023-04-14T13:59:49","slug":"co2","status":"publish","type":"page","link":"https:\/\/territoirespaysagistes.com\/index.php\/co2\/","title":{"rendered":"CO2"},"content":{"rendered":"\t\t<div data-elementor-type=\"wp-post\" data-elementor-id=\"4856\" class=\"elementor elementor-4856\">\n\t\t\t\t\t\t<section class=\"elementor-section elementor-top-section elementor-element elementor-element-adb07b5 elementor-section-boxed elementor-section-height-default elementor-section-height-default\" data-id=\"adb07b5\" data-element_type=\"section\">\n\t\t\t\t\t\t<div class=\"elementor-container elementor-column-gap-default\">\n\t\t\t\t\t<div class=\"elementor-column elementor-col-100 elementor-top-column elementor-element elementor-element-efeebb5\" data-id=\"efeebb5\" data-element_type=\"column\">\n\t\t\t<div class=\"elementor-widget-wrap elementor-element-populated\">\n\t\t\t\t\t\t<div class=\"elementor-element elementor-element-7969c76 elementor-widget elementor-widget-heading\" data-id=\"7969c76\" data-element_type=\"widget\" data-widget_type=\"heading.default\">\n\t\t\t\t<div class=\"elementor-widget-container\">\n\t\t\t\t\t<h1 class=\"elementor-heading-title elementor-size-default\">CALCULER SON BILAN CARBONE<\/h1>\t\t\t\t<\/div>\n\t\t\t\t<\/div>\n\t\t\t\t<div class=\"elementor-element elementor-element-a57fad8 elementor-widget elementor-widget-heading\" data-id=\"a57fad8\" data-element_type=\"widget\" data-widget_type=\"heading.default\">\n\t\t\t\t<div class=\"elementor-widget-container\">\n\t\t\t\t\t<span class=\"elementor-heading-title elementor-size-default\">D\u00e9velopp\u00e9 par l'agence Territoires, ce calculateur a vocation \u00e0 aider les ma\u00eetrises d'oeuvres, ma\u00eetrises d'ouvrages ou m\u00eame les particuliers \u00e0 visualiser facilement l'impact carbone des projets qu'ils\/elles r\u00e9alisent<br><br><strong>Comment \u00e7a marche ?<\/strong><br>Il vous suffit de remplir les champs qui concernent votre projet. Vous pouvez ouvrir les menus d\u00e9roulant suivants la ou les cat\u00e9gories qui vous int\u00e9ressent (Terrassements, Mobiliers, etc).<br>Vous pouvez \u00e9videmment laisser les champs vides.<br>Dans les r\u00e9sultats, la ratio au m2 vous permet de facilement comparer vos projets entre eux. De m\u00eame la r\u00e9partition en pourcentage vous permet de mieux appr\u00e9cier les cat\u00e9gories impactantes.<br><br><strong>Vous voulez nous aider ?<\/strong><br>Vous pouvez nous contacter par mail pour alimenter notre base de donn\u00e9es ou nous faire des suggestions.<\/span>\t\t\t\t<\/div>\n\t\t\t\t<\/div>\n\t\t\t\t<div class=\"elementor-element elementor-element-d394026 elementor-widget elementor-widget-heading\" data-id=\"d394026\" data-element_type=\"widget\" data-widget_type=\"heading.default\">\n\t\t\t\t<div class=\"elementor-widget-container\">\n\t\t\t\t\t<p class=\"elementor-heading-title elementor-size-default\"><span style=\"font-family: Heebo;font-size: 13px;font-style: normal;font-weight: 400;text-align: justify\">NB : Ce calculateur d'empreinte carbone pour les chantiers, est, comme pour la majorit\u00e9 de ces outils analogues, un moyen simple d'obtenir un \u00e9quivalent CO2. Mais il faut relativiser sa pr\u00e9cision, et il ne peut se substituer \u00e0 une v\u00e9ritable \u00e9tude d'impact.&nbsp;<\/span><\/p>\t\t\t\t<\/div>\n\t\t\t\t<\/div>\n\t\t\t\t<div class=\"elementor-element elementor-element-a7e9840 elementor-widget elementor-widget-html\" data-id=\"a7e9840\" data-element_type=\"widget\" data-widget_type=\"html.default\">\n\t\t\t\t<div class=\"elementor-widget-container\">\n\t\t\t\t\t<iframe width=\"50%\" height=\"1500\"\nsrc=\"https:\/\/territoirespaysagistes.com\/?cff-form=6\"><\/iframe>\n\t\t\t\t<\/div>\n\t\t\t\t<\/div>\n\t\t\t\t\t<\/div>\n\t\t<\/div>\n\t\t\t\t\t<\/div>\n\t\t<\/section>\n\t\t\t\t<\/div>\n\t\t      ","protected":false},"excerpt":{"rendered":"<p>CALCULER SON BILAN CARBONE D\u00e9velopp\u00e9 par l&rsquo;agence Territoires, ce calculateur a vocation \u00e0 aider les ma\u00eetrises d&rsquo;oeuvres, ma\u00eetrises d&rsquo;ouvrages ou m\u00eame les particuliers \u00e0 visualiser facilement l&rsquo;impact carbone des projets qu&rsquo;ils\/elles r\u00e9alisent Comment \u00e7a marche ?Il vous suffit de remplir [&hellip;]<\/p>\n","protected":false},"author":1,"featured_media":0,"parent":0,"menu_order":0,"comment_status":"closed","ping_status":"closed","template":"","meta":{"_monsterinsights_skip_tracking":false,"_monsterinsights_sitenote_active":false,"_monsterinsights_sitenote_note":"","_monsterinsights_sitenote_category":0,"footnotes":""},"class_list":["post-4856","page","type-page","status-publish","hentry"],"aioseo_notices":[],"_links":{"self":[{"href":"https:\/\/territoirespaysagistes.com\/index.php\/wp-json\/wp\/v2\/pages\/4856","targetHints":{"allow":["GET"]}}],"collection":[{"href":"https:\/\/territoirespaysagistes.com\/index.php\/wp-json\/wp\/v2\/pages"}],"about":[{"href":"https:\/\/territoirespaysagistes.com\/index.php\/wp-json\/wp\/v2\/types\/page"}],"author":[{"embeddable":true,"href":"https:\/\/territoirespaysagistes.com\/index.php\/wp-json\/wp\/v2\/users\/1"}],"replies":[{"embeddable":true,"href":"https:\/\/territoirespaysagistes.com\/index.php\/wp-json\/wp\/v2\/comments?post=4856"}],"version-history":[{"count":54,"href":"https:\/\/territoirespaysagistes.com\/index.php\/wp-json\/wp\/v2\/pages\/4856\/revisions"}],"predecessor-version":[{"id":6250,"href":"https:\/\/territoirespaysagistes.com\/index.php\/wp-json\/wp\/v2\/pages\/4856\/revisions\/6250"}],"wp:attachment":[{"href":"https:\/\/territoirespaysagistes.com\/index.php\/wp-json\/wp\/v2\/media?parent=4856"}],"curies":[{"name":"wp","href":"https:\/\/api.w.org\/{rel}","templated":true}]}}