{"id":4135,"date":"2020-01-07T12:54:31","date_gmt":"2020-01-07T11:54:31","guid":{"rendered":"http:\/\/territoirespaysagistes.com\/wp\/?page_id=4135"},"modified":"2023-04-28T10:42:26","modified_gmt":"2023-04-28T08:42:26","slug":"mention-legales","status":"publish","type":"page","link":"https:\/\/territoirespaysagistes.com\/index.php\/mention-legales\/","title":{"rendered":"Mention l\u00e9gales"},"content":{"rendered":"\t\t<div data-elementor-type=\"wp-post\" data-elementor-id=\"4135\" class=\"elementor elementor-4135\">\n\t\t\t\t\t\t<section class=\"elementor-section elementor-top-section elementor-element elementor-element-3e376ac elementor-section-boxed elementor-section-height-default elementor-section-height-default\" data-id=\"3e376ac\" data-element_type=\"section\">\n\t\t\t\t\t\t<div class=\"elementor-container elementor-column-gap-default\">\n\t\t\t\t\t<div class=\"elementor-column elementor-col-100 elementor-top-column elementor-element elementor-element-10e38d2\" data-id=\"10e38d2\" data-element_type=\"column\">\n\t\t\t<div class=\"elementor-widget-wrap elementor-element-populated\">\n\t\t\t\t\t\t<div class=\"elementor-element elementor-element-c88f2dc animated-slow elementor-invisible elementor-widget elementor-widget-text-editor\" data-id=\"c88f2dc\" data-element_type=\"widget\" data-settings=\"{&quot;_animation&quot;:&quot;fadeIn&quot;,&quot;_animation_delay&quot;:500}\" data-widget_type=\"text-editor.default\">\n\t\t\t\t<div class=\"elementor-widget-container\">\n\t\t\t\t\t\t\t\t\t<p style=\"text-align: center; font-style: normal; font-variant-numeric: normal; font-variant-east-asian: normal; font-variant-alternates: normal; font-kerning: auto; font-optical-sizing: auto; font-feature-settings: normal; font-variation-settings: normal; font-weight: 400; font-stretch: normal; font-size: 16px; line-height: normal; font-family: Helvetica; color: rgb(0, 0, 0); -webkit-text-stroke-color: rgb(16, 45, 123);\"><span style=\"font-kerning: none;\"><b>Mentions L\u00e9gales<\/b><\/span><\/p><p style=\"text-align: center; font-style: normal; font-variant-numeric: normal; font-variant-east-asian: normal; font-variant-alternates: normal; font-kerning: auto; font-optical-sizing: auto; font-feature-settings: normal; font-variation-settings: normal; font-weight: 400; font-stretch: normal; font-size: 16px; line-height: normal; font-family: Helvetica; color: rgb(0, 0, 0); -webkit-text-stroke-color: rgb(91, 96, 103);\"><span style=\"font-kerning: none;\">Conform\u00e9ment aux dispositions de la loi n\u00b0 2004-575 du 21 juin 2004 pour la confiance en l&rsquo;\u00e9conomie num\u00e9rique, il est pr\u00e9cis\u00e9 aux utilisateurs du Site l&rsquo;identit\u00e9 des diff\u00e9rents intervenants dans le cadre de sa r\u00e9alisation et de son suivi.<\/span><\/p><p style=\"text-align: justify; font-style: normal; font-variant-numeric: normal; font-variant-east-asian: normal; font-variant-alternates: normal; font-kerning: auto; font-optical-sizing: auto; font-feature-settings: normal; font-variation-settings: normal; font-weight: 400; font-stretch: normal; font-size: 16px; line-height: normal; font-family: Helvetica; color: rgb(0, 0, 0); -webkit-text-stroke-color: rgb(0, 0, 0);\"><span style=\"font-kerning: none;\"><br><\/span><span style=\"font-kerning: none; -webkit-text-stroke-color: rgb(16, 45, 123);\"><b>\u00c9dition du site&nbsp;<\/b><\/span><span style=\"font-kerning: none;\"><br>Le site territoirespaysagistes.com est \u00e9dit\u00e9 par la soci\u00e9t\u00e9 TERRITOIRES, au capital social de 9 000,00 \u20ac euros, immatricul\u00e9e au Registre du commerce et des soci\u00e9t\u00e9s sous le n\u00b0 Besancon B 488 864 802 et dont le si\u00e8ge social est situ\u00e9 22 RUE MEGEVAND 25000 BESANCON (Siret n\u00b0 48886480200019 et TVA intracommunautaire n\u00b0 FR08488864802).<br><br><\/span><span style=\"font-kerning: none; -webkit-text-stroke-color: rgb(16, 45, 123);\"><b>Responsable de publication&nbsp;<\/b><\/span><span style=\"font-kerning: none;\"><br>Monsieur Valentin Kottelat, Associ\u00e9 de Territoires SARL.<br><br><\/span><span style=\"font-kerning: none; -webkit-text-stroke-color: rgb(16, 45, 123);\"><b>H\u00e9bergeur<\/b><\/span><span style=\"font-kerning: none;\"><b>&nbsp;<\/b><br>L\u2019H\u00e9bergeur du site est la soci\u00e9t\u00e9 OVH, Forme sociale au capital de Capital social : 10 174 560,00 \u20ac, immatricul\u00e9e au RCS de Lille M\u00e9tropole, sous le num\u00e9ro B 424 761 419 dont le si\u00e8ge social est situ\u00e9 2 RUE KELLERMANN 59100 ROUBAIX \u2013 08 90 10 92 13.<\/span><\/p><p style=\"text-align: justify; font-style: normal; font-variant-numeric: normal; font-variant-east-asian: normal; font-variant-alternates: normal; font-kerning: auto; font-optical-sizing: auto; font-feature-settings: normal; font-variation-settings: normal; font-weight: 400; font-stretch: normal; font-size: 16px; line-height: normal; font-family: Helvetica; color: rgb(0, 0, 0); -webkit-text-stroke-color: rgb(0, 0, 0);\"><span style=\"font-kerning: none;\"><br><\/span><span style=\"font-kerning: none; -webkit-text-stroke-color: rgb(16, 45, 123);\"><b>Nous contacter&nbsp;<\/b><\/span><span style=\"font-kerning: none;\"><br>Par t\u00e9l\u00e9phone : 03 81 82 06 66<br>Par email : info@territoirespaysagistes.com<br>Par courrier : 22 rue Megevand, 25 000 Besan\u00e7on<\/span><\/p><p style=\"text-align: justify; font-style: normal; font-variant-numeric: normal; font-variant-east-asian: normal; font-variant-alternates: normal; font-kerning: auto; font-optical-sizing: auto; font-feature-settings: normal; font-variation-settings: normal; font-weight: 400; font-stretch: normal; font-size: 18px; line-height: normal; font-family: Helvetica; color: rgb(0, 0, 0); -webkit-text-stroke-color: rgb(16, 45, 123);\"><span style=\"font-kerning: none;\"><b>Votre vie priv\u00e9e<\/b><\/span><\/p><p style=\"text-align: justify; font-style: normal; font-variant-numeric: normal; font-variant-east-asian: normal; font-variant-alternates: normal; font-kerning: auto; font-optical-sizing: auto; font-feature-settings: normal; font-variation-settings: normal; font-weight: 400; font-stretch: normal; font-size: 18px; line-height: normal; font-family: Helvetica; color: rgb(0, 0, 0); -webkit-text-stroke-color: rgb(16, 45, 123);\"><b style=\"font-family: inherit; font-size: 16px; font-style: inherit; -webkit-text-stroke-color: rgb(0, 0, 0);\">La Soci\u00e9t\u00e9 utilise le service reCAPTCHA<\/b><span style=\"font-size: 16px; -webkit-text-stroke-color: rgb(0, 0, 0);\"> de Google Inc. (Google) pour prot\u00e9ger les entr\u00e9es des formulaires sur le site internet. Ce service est utilis\u00e9 pour diff\u00e9rencier les entr\u00e9es faites par un \u00eatre humain des abus automatis\u00e9s. Cela implique l\u2019envoi de l\u2019adresse IP et \u00e9ventuellement d\u2019autres donn\u00e9es requises par Google pour le service reCAPTCHA. \u00c0 cette fin, vos donn\u00e9es seront communiqu\u00e9es \u00e0 Google et utilis\u00e9es par leurs services. Toutefois, votre adresse IP sera pr\u00e9alablement raccourcie par Google dans les \u00c9tats membres de l\u2019Union europ\u00e9enne \u2013 ou dans d\u2019autres \u00c9tats qui font partie de l\u2019accord sur l\u2019Espace \u00e9conomique europ\u00e9en \u2013 et sera ainsi anonyme. Dans certains cas exceptionnels, votre adresse IP compl\u00e8te sera transmise \u00e0 un serveur de Google aux \u00c9tats-Unis et raccourcie ensuite. Au nom de l\u2019exploitant de ce site web, Google utilisera ces informations pour \u00e9valuer votre utilisation de ce service. L\u2019adresse IP fournie par reCAPTCHA par votre navigateur ne sera pas fusionn\u00e9e avec d\u2019autres donn\u00e9es de Google. Cette collection des donn\u00e9es est sujette \u00e0 la Charte de confidentialit\u00e9 de Google.<\/span><span style=\"font-size: 16px; -webkit-text-stroke-color: rgb(0, 0, 0);\">&nbsp;<\/span><\/p><p style=\"margin-bottom: 20px; font-style: normal; font-variant-numeric: normal; font-variant-east-asian: normal; font-variant-alternates: normal; font-kerning: auto; font-optical-sizing: auto; font-feature-settings: normal; font-variation-settings: normal; font-weight: 400; font-stretch: normal; font-size: 16px; line-height: normal; font-family: Helvetica; color: rgb(0, 0, 0); -webkit-text-stroke-color: rgb(109, 109, 109);\"><span style=\"font-kerning: none;\">Pour plus d\u2019informations concernant la politique de confidentialit\u00e9 de Google, rendez-vous sur la page : https:\/\/www.google.com\/intl\/fr\/policies\/privacy\/.<span>&nbsp;<\/span><\/span><\/p><p style=\"margin-bottom: 20px; font-style: normal; font-variant-numeric: normal; font-variant-east-asian: normal; font-variant-alternates: normal; font-kerning: auto; font-optical-sizing: auto; font-feature-settings: normal; font-variation-settings: normal; font-weight: 400; font-stretch: normal; font-size: 16px; line-height: normal; font-family: Helvetica; color: rgb(0, 0, 0); -webkit-text-stroke-color: rgb(109, 109, 109);\"><span style=\"font-kerning: none;\">En utilisant le service reCAPTCHA, vous consentez au traitement des donn\u00e9es vous concernant par Google, de la mani\u00e8re et aux fins \u00e9nonc\u00e9es ci-dessus.<br>Vous pouvez refuser \u00e0 Google le droit de collecter les donn\u00e9es g\u00e9n\u00e9r\u00e9es par JavaScript ou les cookies ainsi que les donn\u00e9es relatives \u00e0 votre utilisation du site Internet (y compris votre adresse IP) en s\u00e9lectionnant les param\u00e8tres appropri\u00e9s de votre navigateur. Cependant, veuillez noter que cela peut limiter votre utilisation des fonctionnalit\u00e9s de notre site Internet.<span>&nbsp;<\/span><\/span><\/p><p style=\"margin-bottom: 20px; font-style: normal; font-variant-numeric: normal; font-variant-east-asian: normal; font-variant-alternates: normal; font-kerning: auto; font-optical-sizing: auto; font-feature-settings: normal; font-variation-settings: normal; font-weight: 400; font-stretch: normal; font-size: 16px; line-height: normal; font-family: Helvetica; color: rgb(0, 0, 0); -webkit-text-stroke-color: rgb(109, 109, 109); min-height: 19px;\"><span style=\"font-kerning: none;\"><\/span><br><\/p><p style=\"margin-bottom: 20px; font-style: normal; font-variant-numeric: normal; font-variant-east-asian: normal; font-variant-alternates: normal; font-kerning: auto; font-optical-sizing: auto; font-feature-settings: normal; font-variation-settings: normal; font-weight: 400; font-stretch: normal; font-size: 16px; line-height: normal; font-family: Helvetica; color: rgb(0, 0, 0); -webkit-text-stroke-color: rgb(109, 109, 109);\"><span style=\"font-kerning: none;\"><b>Ce site web utilise Google Analytics<\/b>, un service d\u2019analyse en ligne de Google Inc. ( \u00bb Google \u00ab ). Google Analytics utilise un format sp\u00e9cifique de cookie, qui est enregistr\u00e9 dans votre appareil et permet une analyse de votre utilisation de notre site web. L\u2019information au sujet de votre utilisation de ce site web g\u00e9n\u00e9r\u00e9e par ce cookie est g\u00e9n\u00e9ralement transmise au serveur de Google situ\u00e9 aux Etats-Unis et conserv\u00e9e \u00e0 cet endroit. Le service de Google Analytics mis en place sur ce site web assure l\u2019anonymisation de l\u2019adresse IP enregistr\u00e9e (appel\u00e9e<span>&nbsp; <\/span>\u00bb masquage IP \u00ab ). En raison de l\u2019anonymisation de l\u2019adresse IP effectu\u00e9e sur ce site web, votre adresse IP est raccourcie par Google dans le territoire de l\u2019Union europ\u00e9enne et de l\u2019Espace Economique Europ\u00e9en. A titre exceptionnel, l\u2019adresse IP compl\u00e8te peut \u00eatre transmise au serveur de Google situ\u00e9e aux Etats-Unis, o\u00f9 elle sera raccourcie. Google sollicite l\u2019obtention du certificat issu des accords Union Europ\u00e9enne \u2013 Etats-Unis<span>&nbsp; <\/span>\u00bb Privacy Shield (https:\/\/www.privacyshield.gov\/EU-US-Framework). Google utilise cette information pour notre compte afin d\u2019analyser votre utilisation de ce site web afin de produire des rapports d\u2019activit\u00e9 de notre site web et fournir des services suppl\u00e9mentaires relatifs \u00e0 l\u2019utilisation du site web et d\u2019internet. Google peut \u00e9galement transmettre cette information \u00e0 des tiers en application de la r\u00e8glementation ou si lesdits tiers traitent des donn\u00e9es pour le compte de Google. L\u2019adresse IP transmise par votre moteur de recherche dans le cadre de Google analytics n\u2019est pas combiner avec d\u2019autres donn\u00e9es de Google. Vous pouvez refuser l\u2019enregistrement de ces cookies gr\u00e2ce aux param\u00e8tres de votre moteur de recherche. De surcro\u00eet, vous pouvez refuser que Google enregistre et traite des donn\u00e9es relatives \u00e0 votre utilisation du site web g\u00e9n\u00e9r\u00e9es par le cookie (y compris votre adresse IP) en t\u00e9l\u00e9chargeant et installant le plugin disponible ici <a href=\"https:\/\/tools.google.com\/dlpage\/gaoptout?hl=en\"><span style=\"text-decoration-line: underline; font-kerning: none;\">https:\/\/tools.google.com\/dlpage\/gaoptout?hl=en<\/span><\/a>.<\/span><\/p><p style=\"margin-bottom: 20px; font-style: normal; font-variant-numeric: normal; font-variant-east-asian: normal; font-variant-alternates: normal; font-kerning: auto; font-optical-sizing: auto; font-feature-settings: normal; font-variation-settings: normal; font-weight: 400; font-stretch: normal; font-size: 16px; line-height: normal; font-family: Helvetica; color: rgb(0, 0, 0); -webkit-text-stroke-color: rgb(109, 109, 109); min-height: 19px;\"><span style=\"font-kerning: none;\"><\/span><br><\/p><p style=\"font-style: normal; font-variant-numeric: normal; font-variant-east-asian: normal; font-variant-alternates: normal; font-kerning: auto; font-optical-sizing: auto; font-feature-settings: normal; font-variation-settings: normal; font-weight: 400; font-stretch: normal; font-size: 16px; line-height: normal; font-family: Helvetica; color: rgb(0, 0, 0); -webkit-text-stroke-color: rgb(34, 34, 34);\"><span style=\"font-kerning: none;\"><b>Droits et reproduction <\/b>:&nbsp;La charte graphique du site (illustrations, typographie, emplacements, dimensions des \u00e9l\u00e9ments, etc\u2026), est soumise aux droits d\u2019auteur et prot\u00e9g\u00e9e par la loi europ\u00e9enne. Les textes sont la propri\u00e9t\u00e9 de leurs auteurs. Les images et illustrations utilis\u00e9es sont r\u00e9alis\u00e9es par TERRITOIRES ou achet\u00e9es. Il est interdit de reproduire, repr\u00e9senter, transf\u00e9rer, distribuer, ou d\u2019enregistrer tout ou partie de ces \u00e9l\u00e9ments, sous quelque forme que ce soit, sans accord pr\u00e9alable.<\/span><\/p><p style=\"font-style: normal; font-variant-numeric: normal; font-variant-east-asian: normal; font-variant-alternates: normal; font-kerning: auto; font-optical-sizing: auto; font-feature-settings: normal; font-variation-settings: normal; font-weight: 400; font-stretch: normal; font-size: 16px; line-height: normal; font-family: Helvetica; color: rgb(0, 0, 0); -webkit-text-stroke-color: rgb(34, 34, 34); min-height: 19px;\"><span style=\"font-kerning: none;\"><\/span><br><\/p><p style=\"font-style: normal; font-variant-numeric: normal; font-variant-east-asian: normal; font-variant-alternates: normal; font-kerning: auto; font-optical-sizing: auto; font-feature-settings: normal; font-variation-settings: normal; font-weight: 400; font-stretch: normal; font-size: 16px; line-height: normal; font-family: Helvetica; color: rgb(0, 0, 0); -webkit-text-stroke-color: rgb(34, 34, 34);\"><span style=\"font-kerning: none;\"><b>Contenus et outils <\/b>:&nbsp;TERRITOIRES ne propose aucune garantie quant \u00e0 la fiabilit\u00e9 ou au fonctionnement de ce service. TERRITOIRES ne peut en aucun cas \u00eatre tenu pour responsable de tous dommages quels qu\u2019ils soient, y compris mais non de fa\u00e7on limitative, des dommages directs, indirects, accessoires ou incidents, des pertes de b\u00e9n\u00e9fices ou de l\u2019interruption d\u2019activit\u00e9, r\u00e9sultant de l\u2019utilisation ou de l\u2019impossibilit\u00e9 d\u2019utilisation de ce service.<\/span><\/p><p style=\"font-style: normal; font-variant-numeric: normal; font-variant-east-asian: normal; font-variant-alternates: normal; font-kerning: auto; font-optical-sizing: auto; font-feature-settings: normal; font-variation-settings: normal; font-weight: 400; font-stretch: normal; font-size: 16px; line-height: normal; font-family: Helvetica; color: rgb(0, 0, 0); -webkit-text-stroke-color: rgb(34, 34, 34); min-height: 19px;\"><span style=\"font-kerning: none;\"><\/span><br><\/p><p style=\"text-align: justify; font-style: normal; font-variant-numeric: normal; font-variant-east-asian: normal; font-variant-alternates: normal; font-kerning: auto; font-optical-sizing: auto; font-feature-settings: normal; font-variation-settings: normal; font-weight: 400; font-stretch: normal; font-size: 16px; line-height: normal; font-family: Helvetica; color: rgb(0, 0, 0); -webkit-text-stroke-color: rgb(0, 0, 0);\"><span style=\"font-kerning: none;\"><br>Cr\u00e9ation du site:&nbsp;<a href=\"http:\/\/www.landskap.fr\/\"><span style=\"font-kerning: none;\">Landskap.fr<\/span><\/a><\/span><\/p>\t\t\t\t\t\t\t\t<\/div>\n\t\t\t\t<\/div>\n\t\t\t\t\t<\/div>\n\t\t<\/div>\n\t\t\t\t\t<\/div>\n\t\t<\/section>\n\t\t\t\t<\/div>\n\t\t      ","protected":false},"excerpt":{"rendered":"<p>Mentions L\u00e9gales Conform\u00e9ment aux dispositions de la loi n\u00b0 2004-575 du 21 juin 2004 pour la confiance en l&rsquo;\u00e9conomie num\u00e9rique, il est pr\u00e9cis\u00e9 aux utilisateurs du Site l&rsquo;identit\u00e9 des diff\u00e9rents intervenants dans le cadre de sa r\u00e9alisation et de son [&hellip;]<\/p>\n","protected":false},"author":1,"featured_media":0,"parent":0,"menu_order":0,"comment_status":"closed","ping_status":"closed","template":"","meta":{"_monsterinsights_skip_tracking":false,"_monsterinsights_sitenote_active":false,"_monsterinsights_sitenote_note":"","_monsterinsights_sitenote_category":0,"footnotes":""},"class_list":["post-4135","page","type-page","status-publish","hentry"],"aioseo_notices":[],"_links":{"self":[{"href":"https:\/\/territoirespaysagistes.com\/index.php\/wp-json\/wp\/v2\/pages\/4135","targetHints":{"allow":["GET"]}}],"collection":[{"href":"https:\/\/territoirespaysagistes.com\/index.php\/wp-json\/wp\/v2\/pages"}],"about":[{"href":"https:\/\/territoirespaysagistes.com\/index.php\/wp-json\/wp\/v2\/types\/page"}],"author":[{"embeddable":true,"href":"https:\/\/territoirespaysagistes.com\/index.php\/wp-json\/wp\/v2\/users\/1"}],"replies":[{"embeddable":true,"href":"https:\/\/territoirespaysagistes.com\/index.php\/wp-json\/wp\/v2\/comments?post=4135"}],"version-history":[{"count":8,"href":"https:\/\/territoirespaysagistes.com\/index.php\/wp-json\/wp\/v2\/pages\/4135\/revisions"}],"predecessor-version":[{"id":6481,"href":"https:\/\/territoirespaysagistes.com\/index.php\/wp-json\/wp\/v2\/pages\/4135\/revisions\/6481"}],"wp:attachment":[{"href":"https:\/\/territoirespaysagistes.com\/index.php\/wp-json\/wp\/v2\/media?parent=4135"}],"curies":[{"name":"wp","href":"https:\/\/api.w.org\/{rel}","templated":true}]}}