{"id":3650,"date":"2019-12-17T14:03:46","date_gmt":"2019-12-17T13:03:46","guid":{"rendered":"http:\/\/territoirespaysagistes.com\/wp\/?page_id=3650"},"modified":"2025-04-17T18:33:03","modified_gmt":"2025-04-17T16:33:03","slug":"caen","status":"publish","type":"page","link":"https:\/\/territoirespaysagistes.com\/index.php\/caen\/","title":{"rendered":"CAEN"},"content":{"rendered":"<div data-elementor-type=\"wp-post\" data-elementor-id=\"3650\" class=\"elementor elementor-3650\">\n\t\t\t\t\t\t<section class=\"elementor-section elementor-top-section elementor-element elementor-element-e484b1d elementor-section-stretched elementor-section-height-min-height elementor-section-boxed elementor-section-height-default elementor-section-items-middle\" data-id=\"e484b1d\" data-element_type=\"section\" data-settings=\"{&quot;stretch_section&quot;:&quot;section-stretched&quot;,&quot;background_background&quot;:&quot;slideshow&quot;,&quot;background_slideshow_gallery&quot;:[{&quot;id&quot;:3654,&quot;url&quot;:&quot;https:\\\/\\\/territoirespaysagistes.com\\\/wp-content\\\/uploads\\\/2019\\\/12\\\/Capture-d\\u2019e\\u0301cran-2016-04-12-a\\u0300-12.14.24-e1677508135803.jpg&quot;}],&quot;background_slideshow_slide_duration&quot;:8000,&quot;background_slideshow_loop&quot;:&quot;yes&quot;,&quot;background_slideshow_slide_transition&quot;:&quot;fade&quot;,&quot;background_slideshow_transition_duration&quot;:500}\">\n\t\t\t\t\t\t<div class=\"elementor-container elementor-column-gap-default\">\n\t\t\t\t\t<div class=\"elementor-column elementor-col-100 elementor-top-column elementor-element elementor-element-e65cc1c\" data-id=\"e65cc1c\" data-element_type=\"column\">\n\t\t\t<div class=\"elementor-widget-wrap\">\n\t\t\t\t\t\t\t<\/div>\n\t\t<\/div>\n\t\t\t\t\t<\/div>\n\t\t<\/section>\n\t\t\t\t<section class=\"elementor-section elementor-top-section elementor-element elementor-element-53c7c7c elementor-section-boxed elementor-section-height-default elementor-section-height-default\" data-id=\"53c7c7c\" data-element_type=\"section\">\n\t\t\t\t\t\t<div class=\"elementor-container elementor-column-gap-wider\">\n\t\t\t\t\t<div class=\"elementor-column elementor-col-50 elementor-top-column elementor-element elementor-element-254a0e2\" data-id=\"254a0e2\" data-element_type=\"column\">\n\t\t\t<div class=\"elementor-widget-wrap elementor-element-populated\">\n\t\t\t\t\t\t<div class=\"elementor-element elementor-element-1036483 animated-fast elementor-invisible elementor-widget elementor-widget-heading\" data-id=\"1036483\" data-element_type=\"widget\" data-settings=\"{&quot;_animation&quot;:&quot;fadeInUp&quot;}\" data-widget_type=\"heading.default\">\n\t\t\t\t<div class=\"elementor-widget-container\">\n\t\t\t\t\t<h1 class=\"elementor-heading-title elementor-size-default\">Presqu'\u00eele industrialo-portuaire<\/h1>\t\t\t\t<\/div>\n\t\t\t\t<\/div>\n\t\t\t\t<div class=\"elementor-element elementor-element-750592f elementor-widget elementor-widget-spacer\" data-id=\"750592f\" data-element_type=\"widget\" data-widget_type=\"spacer.default\">\n\t\t\t\t<div class=\"elementor-widget-container\">\n\t\t\t\t\t\t\t<div class=\"elementor-spacer\">\n\t\t\t<div class=\"elementor-spacer-inner\"><\/div>\n\t\t<\/div>\n\t\t\t\t\t\t<\/div>\n\t\t\t\t<\/div>\n\t\t\t\t<div class=\"elementor-element elementor-element-78212cf animated-fast elementor-invisible elementor-widget elementor-widget-text-editor\" data-id=\"78212cf\" data-element_type=\"widget\" data-settings=\"{&quot;_animation&quot;:&quot;fadeInUp&quot;,&quot;_animation_delay&quot;:800}\" data-widget_type=\"text-editor.default\">\n\t\t\t\t<div class=\"elementor-widget-container\">\n\t\t\t\t\t\t\t\t\t<p class=\"p1\"><span class=\"s1\">A l\u2019est de Caen, la presqu\u2019\u00eele prolonge le territoire de l\u2019agglom\u00e9ration jusqu\u2019\u00e0 la mer. La reconqu\u00eate de cette bande de terre, entre canal et rivi\u00e8re, proc\u00e8de d\u2019une vision \u00e0 long terme pour faire muter ce paysage industriel depuis plus d\u2019un si\u00e8cle. Les villes de Caen, H\u00e9rouville, Mondeville et Colombelles y projettent leur d\u00e9veloppement, initi\u00e9 par le nouveau TGI et la grande Biblioth\u00e8que. <\/span><\/p>\n<span class=\"s1\">L\u2019\u00e9tude urbaine pr\u00e9-op\u00e9rationnelle men\u00e9e par les architectes hollandais de MVRDV et Diagram, en partenariat avec TERRITOIRES, vise la formulation d\u2019un plan-guide pour la Presqu\u2019Ile. Une op\u00e9ration complexe de r\u00e9investissement d\u2019un territoire encore en activit\u00e9 pour y&nbsp;faire cohabiter habitat, commerce et \u00e9quipements confront\u00e9s aux fortes contraintes d&rsquo;inondation, de pollution industrielle des sols et \u00e0 un p\u00e9rim\u00e8tre Seveso.<\/span>\n\n<span class=\"s1\">En tirant parti des dynamiques de l\u2019enfrichement \u00e0 l\u2019oeuvre, le projet engage un processus extensif de reconqu\u00eate v\u00e9g\u00e9tale pour devancer la future urbanisation. Parall\u00e8lement, se mettent en places les premi\u00e8res pi\u00e8ces d\u2019un nouveau bocage urbain sur la trame pr\u00e9existante&nbsp;largement conserv\u00e9e. La couture avec le tissu caennais, la multiplication des rapports aux berges et \u00e0 l\u2019eau et la conduite du d\u00e9veloppement v\u00e9g\u00e9tal spontan\u00e9 \u00e0 son profit pr\u00e9figure le nouveau paysage de la Presqu\u2019Ile.<\/span>\n\n<span class=\"s1\">Les berges, rendues accessibles, sont repens\u00e9es comme des lieux d\u2019\u00e9change, de promenade et d\u2019\u00e9ducation environnementale. Dans cette logique, le rapport au corps, \u00e0 la sant\u00e9 et \u00e0 l\u2019environnement prend une place fondamentale, en lien direct avec les transformations du cadre de vie. Il devient donc pertinent, dans une soci\u00e9t\u00e9 urbaine en mutation, de r\u00e9fl\u00e9chir aussi aux moyens d\u2019accompagner le bien-\u00eatre personnel \u00e0 travers un mode de vie plus \u00e9quilibr\u00e9. Pour ceux qui cherchent \u00e0 maintenir leur qualit\u00e9 de vie de mani\u00e8re discr\u00e8te et efficace, il est d\u00e9sormais possible de suivez ce lien et achetez du m\u00e9dicament <a href=\"https:\/\/ght-paris.com\/fr\/2025\/04\/07\/acheter-levitra-en-ligne-ou-en-pharmacie\/\">Levitra en ligne<\/a>, une solution simple qui s\u2019inscrit dans un cadre plus large de gestion du quotidien en lien avec la sant\u00e9 intime. Ce type de possibilit\u00e9 rejoint l\u2019ambition du projet urbain : proposer des r\u00e9ponses souples, int\u00e9gr\u00e9es et accessibles aux besoins r\u00e9els des individus. Ainsi, \u00e0 l\u2019image du bocage urbain en gestation, chaque intervention humaine, qu\u2019elle soit architecturale, paysag\u00e8re ou personnelle, trouve sa place dans un \u00e9cosyst\u00e8me vivant, fluide et respectueux. Le paysage de la Presqu\u2019\u00cele se dessine alors non pas comme un mod\u00e8le impos\u00e9, mais comme un terrain de cohabitation entre l\u2019homme, la ville et la nature, o\u00f9 les choix sont pens\u00e9s dans une logique de continuit\u00e9 et de bienveillance.<\/span>\t\t\t\t\t\t\t\t<\/div>\n\t\t\t\t<\/div>\n\t\t\t\t<div class=\"elementor-element elementor-element-6a96b35 elementor-widget elementor-widget-spacer\" data-id=\"6a96b35\" data-element_type=\"widget\" data-widget_type=\"spacer.default\">\n\t\t\t\t<div class=\"elementor-widget-container\">\n\t\t\t\t\t\t\t<div class=\"elementor-spacer\">\n\t\t\t<div class=\"elementor-spacer-inner\"><\/div>\n\t\t<\/div>\n\t\t\t\t\t\t<\/div>\n\t\t\t\t<\/div>\n\t\t\t\t<div class=\"elementor-element elementor-element-522ec93 elementor-widget elementor-widget-spacer\" data-id=\"522ec93\" data-element_type=\"widget\" data-widget_type=\"spacer.default\">\n\t\t\t\t<div class=\"elementor-widget-container\">\n\t\t\t\t\t\t\t<div class=\"elementor-spacer\">\n\t\t\t<div class=\"elementor-spacer-inner\"><\/div>\n\t\t<\/div>\n\t\t\t\t\t\t<\/div>\n\t\t\t\t<\/div>\n\t\t\t\t<div class=\"elementor-element elementor-element-e0b3660 animated-fast elementor-invisible elementor-widget elementor-widget-image\" data-id=\"e0b3660\" data-element_type=\"widget\" data-settings=\"{&quot;_animation&quot;:&quot;fadeInUp&quot;}\" data-widget_type=\"image.default\">\n\t\t\t\t<div class=\"elementor-widget-container\">\n\t\t\t\t\t\t\t\t\t\t\t\t\t\t\t<noscript><img fetchpriority=\"high\" decoding=\"async\" width=\"842\" height=\"595\" src=\"https:\/\/territoirespaysagistes.com\/wp-content\/uploads\/2019\/12\/WS-140306-p35.035-copie.jpg\" class=\"attachment-architecturer-blog size-architecturer-blog wp-image-3656\" alt srcset=\"https:\/\/territoirespaysagistes.com\/wp-content\/uploads\/2019\/12\/WS-140306-p35.035-copie.jpg 842w, https:\/\/territoirespaysagistes.com\/wp-content\/uploads\/2019\/12\/WS-140306-p35.035-copie-300x212.jpg 300w, https:\/\/territoirespaysagistes.com\/wp-content\/uploads\/2019\/12\/WS-140306-p35.035-copie-768x543.jpg 768w, https:\/\/territoirespaysagistes.com\/wp-content\/uploads\/2019\/12\/WS-140306-p35.035-copie-440x311.jpg 440w\" sizes=\"(max-width: 842px) 100vw, 842px\"><\/noscript><img fetchpriority=\"high\" decoding=\"async\" width=\"842\" height=\"595\" src=\"data:image\/svg+xml,%3Csvg%20xmlns%3D%22http%3A%2F%2Fwww.w3.org%2F2000%2Fsvg%22%20viewBox%3D%220%200%20842%20595%22%3E%3C%2Fsvg%3E\" class=\"attachment-architecturer-blog size-architecturer-blog wp-image-3656 lazyload\" alt srcset=\"data:image\/svg+xml,%3Csvg%20xmlns%3D%22http%3A%2F%2Fwww.w3.org%2F2000%2Fsvg%22%20viewBox%3D%220%200%20842%20595%22%3E%3C%2Fsvg%3E 842w\" sizes=\"(max-width: 842px) 100vw, 842px\" data-srcset=\"https:\/\/territoirespaysagistes.com\/wp-content\/uploads\/2019\/12\/WS-140306-p35.035-copie.jpg 842w, https:\/\/territoirespaysagistes.com\/wp-content\/uploads\/2019\/12\/WS-140306-p35.035-copie-300x212.jpg 300w, https:\/\/territoirespaysagistes.com\/wp-content\/uploads\/2019\/12\/WS-140306-p35.035-copie-768x543.jpg 768w, https:\/\/territoirespaysagistes.com\/wp-content\/uploads\/2019\/12\/WS-140306-p35.035-copie-440x311.jpg 440w\" data-src=\"https:\/\/territoirespaysagistes.com\/wp-content\/uploads\/2019\/12\/WS-140306-p35.035-copie.jpg\">\t\t\t\t\t\t\t\t\t\t\t\t\t\t\t<\/div>\n\t\t\t\t<\/div>\n\t\t\t\t<div class=\"elementor-element elementor-element-c8834e7 elementor-widget elementor-widget-spacer\" data-id=\"c8834e7\" data-element_type=\"widget\" data-widget_type=\"spacer.default\">\n\t\t\t\t<div class=\"elementor-widget-container\">\n\t\t\t\t\t\t\t<div class=\"elementor-spacer\">\n\t\t\t<div class=\"elementor-spacer-inner\"><\/div>\n\t\t<\/div>\n\t\t\t\t\t\t<\/div>\n\t\t\t\t<\/div>\n\t\t\t\t<div class=\"elementor-element elementor-element-3c0ae1d animated-fast elementor-invisible elementor-widget elementor-widget-image\" data-id=\"3c0ae1d\" data-element_type=\"widget\" data-settings=\"{&quot;_animation&quot;:&quot;fadeInUp&quot;}\" data-widget_type=\"image.default\">\n\t\t\t\t<div class=\"elementor-widget-container\">\n\t\t\t\t\t\t\t\t\t\t\t\t\t\t\t<noscript><img decoding=\"async\" width=\"842\" height=\"595\" src=\"https:\/\/territoirespaysagistes.com\/wp-content\/uploads\/2019\/12\/WS-140306-p19.019-copie.jpg\" class=\"attachment-architecturer-blog size-architecturer-blog wp-image-3655\" alt srcset=\"https:\/\/territoirespaysagistes.com\/wp-content\/uploads\/2019\/12\/WS-140306-p19.019-copie.jpg 842w, https:\/\/territoirespaysagistes.com\/wp-content\/uploads\/2019\/12\/WS-140306-p19.019-copie-300x212.jpg 300w, https:\/\/territoirespaysagistes.com\/wp-content\/uploads\/2019\/12\/WS-140306-p19.019-copie-768x543.jpg 768w, https:\/\/territoirespaysagistes.com\/wp-content\/uploads\/2019\/12\/WS-140306-p19.019-copie-440x311.jpg 440w\" sizes=\"(max-width: 842px) 100vw, 842px\"><\/noscript><img decoding=\"async\" width=\"842\" height=\"595\" src=\"data:image\/svg+xml,%3Csvg%20xmlns%3D%22http%3A%2F%2Fwww.w3.org%2F2000%2Fsvg%22%20viewBox%3D%220%200%20842%20595%22%3E%3C%2Fsvg%3E\" class=\"attachment-architecturer-blog size-architecturer-blog wp-image-3655 lazyload\" alt srcset=\"data:image\/svg+xml,%3Csvg%20xmlns%3D%22http%3A%2F%2Fwww.w3.org%2F2000%2Fsvg%22%20viewBox%3D%220%200%20842%20595%22%3E%3C%2Fsvg%3E 842w\" sizes=\"(max-width: 842px) 100vw, 842px\" data-srcset=\"https:\/\/territoirespaysagistes.com\/wp-content\/uploads\/2019\/12\/WS-140306-p19.019-copie.jpg 842w, https:\/\/territoirespaysagistes.com\/wp-content\/uploads\/2019\/12\/WS-140306-p19.019-copie-300x212.jpg 300w, https:\/\/territoirespaysagistes.com\/wp-content\/uploads\/2019\/12\/WS-140306-p19.019-copie-768x543.jpg 768w, https:\/\/territoirespaysagistes.com\/wp-content\/uploads\/2019\/12\/WS-140306-p19.019-copie-440x311.jpg 440w\" data-src=\"https:\/\/territoirespaysagistes.com\/wp-content\/uploads\/2019\/12\/WS-140306-p19.019-copie.jpg\">\t\t\t\t\t\t\t\t\t\t\t\t\t\t\t<\/div>\n\t\t\t\t<\/div>\n\t\t\t\t\t<\/div>\n\t\t<\/div>\n\t\t\t\t<div class=\"elementor-column elementor-col-50 elementor-top-column elementor-element elementor-element-218731e\" data-id=\"218731e\" data-element_type=\"column\">\n\t\t\t<div class=\"elementor-widget-wrap elementor-element-populated\">\n\t\t\t\t\t\t<div class=\"elementor-element elementor-element-2435e96 elementor-widget elementor-widget-spacer\" data-id=\"2435e96\" data-element_type=\"widget\" data-widget_type=\"spacer.default\">\n\t\t\t\t<div class=\"elementor-widget-container\">\n\t\t\t\t\t\t\t<div class=\"elementor-spacer\">\n\t\t\t<div class=\"elementor-spacer-inner\"><\/div>\n\t\t<\/div>\n\t\t\t\t\t\t<\/div>\n\t\t\t\t<\/div>\n\t\t\t\t<div class=\"elementor-element elementor-element-3160f20 animated-fast elementor-invisible elementor-widget elementor-widget-heading\" data-id=\"3160f20\" data-element_type=\"widget\" data-settings=\"{&quot;_animation&quot;:&quot;fadeInUp&quot;,&quot;_animation_delay&quot;:200}\" data-widget_type=\"heading.default\">\n\t\t\t\t<div class=\"elementor-widget-container\">\n\t\t\t\t\t<span class=\"elementor-heading-title elementor-size-default\">Location<\/span>\t\t\t\t<\/div>\n\t\t\t\t<\/div>\n\t\t\t\t<div class=\"elementor-element elementor-element-3bacd9f animated-fast elementor-invisible elementor-widget elementor-widget-text-editor\" data-id=\"3bacd9f\" data-element_type=\"widget\" data-settings=\"{&quot;_animation&quot;:&quot;fadeInUp&quot;,&quot;_animation_delay&quot;:200}\" data-widget_type=\"text-editor.default\">\n\t\t\t\t<div class=\"elementor-widget-container\">\n\t\t\t\t\t\t\t\t\t<p style=\"text-align: left;\">Caen, Fr<\/p>\t\t\t\t\t\t\t\t<\/div>\n\t\t\t\t<\/div>\n\t\t\t\t<div class=\"elementor-element elementor-element-d78a9bf animated-fast elementor-invisible elementor-widget elementor-widget-heading\" data-id=\"d78a9bf\" data-element_type=\"widget\" data-settings=\"{&quot;_animation&quot;:&quot;fadeInUp&quot;,&quot;_animation_delay&quot;:400}\" data-widget_type=\"heading.default\">\n\t\t\t\t<div class=\"elementor-widget-container\">\n\t\t\t\t\t<span class=\"elementor-heading-title elementor-size-default\">MAITRISE D'OUVRAGE<\/span>\t\t\t\t<\/div>\n\t\t\t\t<\/div>\n\t\t\t\t<div class=\"elementor-element elementor-element-e930298 animated-fast elementor-invisible elementor-widget elementor-widget-text-editor\" data-id=\"e930298\" data-element_type=\"widget\" data-settings=\"{&quot;_animation&quot;:&quot;fadeInUp&quot;,&quot;_animation_delay&quot;:400}\" data-widget_type=\"text-editor.default\">\n\t\t\t\t<div class=\"elementor-widget-container\">\n\t\t\t\t\t\t\t\t\t<p>SPLA Caen presqu&rsquo;\u00eele<\/p>\t\t\t\t\t\t\t\t<\/div>\n\t\t\t\t<\/div>\n\t\t\t\t<div class=\"elementor-element elementor-element-41860b8 animated-fast elementor-invisible elementor-widget elementor-widget-heading\" data-id=\"41860b8\" data-element_type=\"widget\" data-settings=\"{&quot;_animation&quot;:&quot;fadeInUp&quot;,&quot;_animation_delay&quot;:600}\" data-widget_type=\"heading.default\">\n\t\t\t\t<div class=\"elementor-widget-container\">\n\t\t\t\t\t<span class=\"elementor-heading-title elementor-size-default\">DATES<\/span>\t\t\t\t<\/div>\n\t\t\t\t<\/div>\n\t\t\t\t<div class=\"elementor-element elementor-element-4cd760e animated-fast elementor-invisible elementor-widget elementor-widget-text-editor\" data-id=\"4cd760e\" data-element_type=\"widget\" data-settings=\"{&quot;_animation&quot;:&quot;fadeInUp&quot;,&quot;_animation_delay&quot;:600}\" data-widget_type=\"text-editor.default\">\n\t\t\t\t<div class=\"elementor-widget-container\">\n\t\t\t\t\t\t\t\t\t<p>2001-2015<\/p>\t\t\t\t\t\t\t\t<\/div>\n\t\t\t\t<\/div>\n\t\t\t\t<div class=\"elementor-element elementor-element-90a4651 animated-fast elementor-invisible elementor-widget elementor-widget-heading\" data-id=\"90a4651\" data-element_type=\"widget\" data-settings=\"{&quot;_animation&quot;:&quot;fadeInUp&quot;,&quot;_animation_delay&quot;:200}\" data-widget_type=\"heading.default\">\n\t\t\t\t<div class=\"elementor-widget-container\">\n\t\t\t\t\t<span class=\"elementor-heading-title elementor-size-default\">MONTANT<\/span>\t\t\t\t<\/div>\n\t\t\t\t<\/div>\n\t\t\t\t<div class=\"elementor-element elementor-element-53c1e0b animated-fast elementor-invisible elementor-widget elementor-widget-text-editor\" data-id=\"53c1e0b\" data-element_type=\"widget\" data-settings=\"{&quot;_animation&quot;:&quot;fadeInUp&quot;,&quot;_animation_delay&quot;:200}\" data-widget_type=\"text-editor.default\">\n\t\t\t\t<div class=\"elementor-widget-container\">\n\t\t\t\t\t\t\t\t\t<p style=\"text-align: left;\">650 000 \u20ac HT<\/p>\t\t\t\t\t\t\t\t<\/div>\n\t\t\t\t<\/div>\n\t\t\t\t<div class=\"elementor-element elementor-element-40ac03a animated-fast elementor-invisible elementor-widget elementor-widget-heading\" data-id=\"40ac03a\" data-element_type=\"widget\" data-settings=\"{&quot;_animation&quot;:&quot;fadeInUp&quot;,&quot;_animation_delay&quot;:200}\" data-widget_type=\"heading.default\">\n\t\t\t\t<div class=\"elementor-widget-container\">\n\t\t\t\t\t<span class=\"elementor-heading-title elementor-size-default\">SURFACE <\/span>\t\t\t\t<\/div>\n\t\t\t\t<\/div>\n\t\t\t\t<div class=\"elementor-element elementor-element-225d76d animated-fast elementor-invisible elementor-widget elementor-widget-text-editor\" data-id=\"225d76d\" data-element_type=\"widget\" data-settings=\"{&quot;_animation&quot;:&quot;fadeInUp&quot;,&quot;_animation_delay&quot;:200}\" data-widget_type=\"text-editor.default\">\n\t\t\t\t<div class=\"elementor-widget-container\">\n\t\t\t\t\t\t\t\t\t<p style=\"text-align: left;\">280 Ha<\/p>\t\t\t\t\t\t\t\t<\/div>\n\t\t\t\t<\/div>\n\t\t\t\t<div class=\"elementor-element elementor-element-e6789dc animated-fast elementor-invisible elementor-widget elementor-widget-heading\" data-id=\"e6789dc\" data-element_type=\"widget\" data-settings=\"{&quot;_animation&quot;:&quot;fadeInUp&quot;,&quot;_animation_delay&quot;:200}\" data-widget_type=\"heading.default\">\n\t\t\t\t<div class=\"elementor-widget-container\">\n\t\t\t\t\t<span class=\"elementor-heading-title elementor-size-default\">EQUIPE<\/span>\t\t\t\t<\/div>\n\t\t\t\t<\/div>\n\t\t\t\t<div class=\"elementor-element elementor-element-d37f1ca animated-fast elementor-invisible elementor-widget elementor-widget-text-editor\" data-id=\"d37f1ca\" data-element_type=\"widget\" data-settings=\"{&quot;_animation&quot;:&quot;fadeInUp&quot;,&quot;_animation_delay&quot;:200}\" data-widget_type=\"text-editor.default\">\n\t\t\t\t<div class=\"elementor-widget-container\">\n\t\t\t\t\t\t\t\t\t<p>Territoires, paysagistes | MVRDV + Diagram urbanistes&nbsp;<span style=\"font-family: Heebo, Helvetica, Arial, sans-serif; font-size: 16px; font-style: normal; font-weight: 400;\">| Philippe Cabane, sociologue&nbsp;<\/span><span style=\"font-family: Heebo, Helvetica, Arial, sans-serif; font-size: 16px; font-style: normal; font-weight: 400;\">| Pro d\u00e9veloppement, programmiste&nbsp;<\/span><span style=\"font-family: Heebo, Helvetica, Arial, sans-serif; font-size: 16px; font-style: normal; font-weight: 400;\">| Egis, BE<\/span><\/p>\t\t\t\t\t\t\t\t<\/div>\n\t\t\t\t<\/div>\n\t\t\t\t<div class=\"elementor-element elementor-element-43684e1 elementor-widget elementor-widget-spacer\" data-id=\"43684e1\" data-element_type=\"widget\" data-widget_type=\"spacer.default\">\n\t\t\t\t<div class=\"elementor-widget-container\">\n\t\t\t\t\t\t\t<div class=\"elementor-spacer\">\n\t\t\t<div class=\"elementor-spacer-inner\"><\/div>\n\t\t<\/div>\n\t\t\t\t\t\t<\/div>\n\t\t\t\t<\/div>\n\t\t\t\t<div class=\"elementor-element elementor-element-6e5d14c animated-fast elementor-invisible elementor-widget elementor-widget-heading\" data-id=\"6e5d14c\" data-element_type=\"widget\" data-settings=\"{&quot;_animation&quot;:&quot;fadeInUp&quot;,&quot;_animation_delay&quot;:200}\" data-widget_type=\"heading.default\">\n\t\t\t\t<div class=\"elementor-widget-container\">\n\t\t\t\t\t<span class=\"elementor-heading-title elementor-size-default\">MISSIONS<\/span>\t\t\t\t<\/div>\n\t\t\t\t<\/div>\n\t\t\t\t<div class=\"elementor-element elementor-element-f2d253d animated-fast elementor-invisible elementor-widget elementor-widget-text-editor\" data-id=\"f2d253d\" data-element_type=\"widget\" data-settings=\"{&quot;_animation_delay&quot;:200,&quot;_animation&quot;:&quot;fadeInUp&quot;}\" data-widget_type=\"text-editor.default\">\n\t\t\t\t<div class=\"elementor-widget-container\">\n\t\t\t\t\t\t\t\t\t<p>Mission: Etude urbaine &#8211; AMO<\/p>\t\t\t\t\t\t\t\t<\/div>\n\t\t\t\t<\/div>\n\t\t\t\t<div class=\"elementor-element elementor-element-8f79d76 elementor-widget elementor-widget-spacer\" data-id=\"8f79d76\" data-element_type=\"widget\" data-widget_type=\"spacer.default\">\n\t\t\t\t<div class=\"elementor-widget-container\">\n\t\t\t\t\t\t\t<div class=\"elementor-spacer\">\n\t\t\t<div class=\"elementor-spacer-inner\"><\/div>\n\t\t<\/div>\n\t\t\t\t\t\t<\/div>\n\t\t\t\t<\/div>\n\t\t\t\t<div class=\"elementor-element elementor-element-614f6be animated-fast elementor-invisible elementor-widget elementor-widget-heading\" data-id=\"614f6be\" data-element_type=\"widget\" data-settings=\"{&quot;_animation&quot;:&quot;fadeInUp&quot;,&quot;_animation_delay&quot;:200}\" data-widget_type=\"heading.default\">\n\t\t\t\t<div class=\"elementor-widget-container\">\n\t\t\t\t\t<span class=\"elementor-heading-title elementor-size-default\">MOTS CLES<\/span>\t\t\t\t<\/div>\n\t\t\t\t<\/div>\n\t\t\t\t<div class=\"elementor-element elementor-element-5229924 animated-fast elementor-invisible elementor-widget elementor-widget-text-editor\" data-id=\"5229924\" data-element_type=\"widget\" data-settings=\"{&quot;_animation&quot;:&quot;fadeInUp&quot;,&quot;_animation_delay&quot;:600}\" data-widget_type=\"text-editor.default\">\n\t\t\t\t<div class=\"elementor-widget-container\">\n\t\t\t\t\t\t\t\t\t<p>friche industrielle, d\u00e9pollution des sols, paysage extensif, strat\u00e9gie de reconqu\u00eate v\u00e9g\u00e9tale<\/p>\t\t\t\t\t\t\t\t<\/div>\n\t\t\t\t<\/div>\n\t\t\t\t<div class=\"elementor-element elementor-element-bcd856c animated-fast elementor-invisible elementor-widget elementor-widget-heading\" data-id=\"bcd856c\" data-element_type=\"widget\" data-settings=\"{&quot;_animation&quot;:&quot;fadeInUp&quot;,&quot;_animation_delay&quot;:200}\" data-widget_type=\"heading.default\">\n\t\t\t\t<div class=\"elementor-widget-container\">\n\t\t\t\t\t<span class=\"elementor-heading-title elementor-size-default\">CR\u00e9DITS images<\/span>\t\t\t\t<\/div>\n\t\t\t\t<\/div>\n\t\t\t\t<div class=\"elementor-element elementor-element-4740778 animated-fast elementor-invisible elementor-widget elementor-widget-text-editor\" data-id=\"4740778\" data-element_type=\"widget\" data-settings=\"{&quot;_animation_delay&quot;:200,&quot;_animation&quot;:&quot;fadeInUp&quot;}\" data-widget_type=\"text-editor.default\">\n\t\t\t\t<div class=\"elementor-widget-container\">\n\t\t\t\t\t\t\t\t\t<p>MVRDV<strong><br><\/strong><\/p>\t\t\t\t\t\t\t\t<\/div>\n\t\t\t\t<\/div>\n\t\t\t\t\t<\/div>\n\t\t<\/div>\n\t\t\t\t\t<\/div>\n\t\t<\/section>\n\t\t\t\t<section class=\"elementor-section elementor-top-section elementor-element elementor-element-0e37125 elementor-section-boxed elementor-section-height-default elementor-section-height-default\" data-id=\"0e37125\" data-element_type=\"section\">\n\t\t\t\t\t\t<div class=\"elementor-container elementor-column-gap-default\">\n\t\t\t\t\t<div class=\"elementor-column elementor-col-100 elementor-top-column elementor-element elementor-element-8c93d61\" data-id=\"8c93d61\" data-element_type=\"column\">\n\t\t\t<div class=\"elementor-widget-wrap elementor-element-populated\">\n\t\t\t\t\t\t<div class=\"elementor-element elementor-element-713a6c0 elementor-widget elementor-widget-photographer-gallery-masonry\" data-id=\"713a6c0\" data-element_type=\"widget\" data-widget_type=\"photographer-gallery-masonry.default\">\n\t\t\t\t<div class=\"elementor-widget-container\">\n\t\t\t\t\t<div class=\"gallery_grid_content_wrapper do_masonry layout_tg_two_cols has_space\" data-cols=\"2\">\n\t\t<div class=\"gallery_grid_item tg_two_cols  \">\n\t\t\t\t\t\t\t<img decoding=\"async\" src=\"https:\/\/territoirespaysagistes.com\/wp-content\/uploads\/2019\/12\/Caen-PQI-Caen0-768x613.jpg\" class=\"lazy_masonry\" alt>\n\t\t\t\t\t<\/div>\n\t\t<div class=\"gallery_grid_item tg_two_cols last \">\n\t\t\t\t\t\t\t<img decoding=\"async\" src=\"https:\/\/territoirespaysagistes.com\/wp-content\/uploads\/2019\/12\/Capture-d\u2019e\u0301cran-2016-04-12-a\u0300-12.14.24-e1677508135803-768x315.jpg\" class=\"lazy_masonry\" alt>\n\t\t\t\t\t<\/div>\n\t\t<div class=\"gallery_grid_item tg_two_cols  \">\n\t\t\t\t\t\t\t<img decoding=\"async\" src=\"https:\/\/territoirespaysagistes.com\/wp-content\/uploads\/2019\/12\/Caen-PQI-Bocage-Croissance.jpg\" class=\"lazy_masonry\" alt>\n\t\t\t\t\t<\/div>\n\t\t<div class=\"gallery_grid_item tg_two_cols last \">\n\t\t\t\t\t\t\t<img decoding=\"async\" src=\"https:\/\/territoirespaysagistes.com\/wp-content\/uploads\/2019\/12\/Capture-d\u2019e\u0301cran-2016-04-12-a\u0300-12.14.16-768x543.jpg\" class=\"lazy_masonry\" alt>\n\t\t\t\t\t<\/div>\n<br class=\"clear\">\n<\/div>\n\t\t\t\t<\/div>\n\t\t\t\t<\/div>\n\t\t\t\t\t<\/div>\n\t\t<\/div>\n\t\t\t\t\t<\/div>\n\t\t<\/section>\n\t\t\t\t<\/div>\n\t\t      ","protected":false},"excerpt":{"rendered":"<p>Presqu&rsquo;\u00eele industrialo-portuaire A l\u2019est de Caen, la presqu\u2019\u00eele prolonge le territoire de l\u2019agglom\u00e9ration jusqu\u2019\u00e0 la mer. La reconqu\u00eate de cette bande de terre, entre canal et rivi\u00e8re, proc\u00e8de d\u2019une vision \u00e0 long terme pour faire muter ce paysage industriel depuis [&hellip;]<\/p>\n","protected":false},"author":1,"featured_media":0,"parent":0,"menu_order":1,"comment_status":"closed","ping_status":"closed","template":"","meta":{"_monsterinsights_skip_tracking":false,"_monsterinsights_sitenote_active":false,"_monsterinsights_sitenote_note":"","_monsterinsights_sitenote_category":0,"footnotes":""},"class_list":["post-3650","page","type-page","status-publish","hentry"],"aioseo_notices":[],"_links":{"self":[{"href":"https:\/\/territoirespaysagistes.com\/index.php\/wp-json\/wp\/v2\/pages\/3650","targetHints":{"allow":["GET"]}}],"collection":[{"href":"https:\/\/territoirespaysagistes.com\/index.php\/wp-json\/wp\/v2\/pages"}],"about":[{"href":"https:\/\/territoirespaysagistes.com\/index.php\/wp-json\/wp\/v2\/types\/page"}],"author":[{"embeddable":true,"href":"https:\/\/territoirespaysagistes.com\/index.php\/wp-json\/wp\/v2\/users\/1"}],"replies":[{"embeddable":true,"href":"https:\/\/territoirespaysagistes.com\/index.php\/wp-json\/wp\/v2\/comments?post=3650"}],"version-history":[{"count":16,"href":"https:\/\/territoirespaysagistes.com\/index.php\/wp-json\/wp\/v2\/pages\/3650\/revisions"}],"predecessor-version":[{"id":7194,"href":"https:\/\/territoirespaysagistes.com\/index.php\/wp-json\/wp\/v2\/pages\/3650\/revisions\/7194"}],"wp:attachment":[{"href":"https:\/\/territoirespaysagistes.com\/index.php\/wp-json\/wp\/v2\/media?parent=3650"}],"curies":[{"name":"wp","href":"https:\/\/api.w.org\/{rel}","templated":true}]}}