{"id":218,"date":"2018-08-03T01:34:30","date_gmt":"2018-08-02T23:34:30","guid":{"rendered":"http:\/\/themes.themegoods.com\/architecturer\/demo\/?page_id=218"},"modified":"2020-10-21T12:44:06","modified_gmt":"2020-10-21T10:44:06","slug":"constellation","status":"publish","type":"page","link":"https:\/\/territoirespaysagistes.com\/index.php\/constellation\/","title":{"rendered":"Constellation"},"content":{"rendered":"<div data-elementor-type=\"wp-post\" data-elementor-id=\"218\" class=\"elementor elementor-218\">\n\t\t\t\t\t\t<section class=\"elementor-section elementor-top-section elementor-element elementor-element-22f8d24 elementor-section-boxed elementor-section-height-default elementor-section-height-default\" data-id=\"22f8d24\" data-element_type=\"section\">\n\t\t\t\t\t\t<div class=\"elementor-container elementor-column-gap-default\">\n\t\t\t\t\t<div class=\"elementor-column elementor-col-100 elementor-top-column elementor-element elementor-element-95a7adf\" data-id=\"95a7adf\" data-element_type=\"column\">\n\t\t\t<div class=\"elementor-widget-wrap elementor-element-populated\">\n\t\t\t\t\t\t\t<\/div>\n\t\t<\/div>\n\t\t\t\t\t<\/div>\n\t\t<\/section>\n\t\t\t\t<section class=\"elementor-section elementor-top-section elementor-element elementor-element-8b36389 elementor-section-boxed elementor-section-height-default elementor-section-height-default\" data-id=\"8b36389\" data-element_type=\"section\" data-settings=\"{&quot;animation&quot;:&quot;none&quot;}\">\n\t\t\t\t\t\t<div class=\"elementor-container elementor-column-gap-default\">\n\t\t\t\t\t<div class=\"elementor-column elementor-col-100 elementor-top-column elementor-element elementor-element-54d54a1\" data-id=\"54d54a1\" data-element_type=\"column\" data-settings=\"{&quot;animation&quot;:&quot;none&quot;}\">\n\t\t\t<div class=\"elementor-widget-wrap elementor-element-populated\">\n\t\t\t\t\t\t<div class=\"elementor-element elementor-element-a914183 elementor-widget elementor-widget-photographer-blog-posts\" data-id=\"a914183\" data-element_type=\"widget\" data-settings=\"{&quot;_animation&quot;:&quot;none&quot;}\" data-widget_type=\"photographer-blog-posts.default\">\n\t\t\t\t<div class=\"elementor-widget-container\">\n\t\t\t\t\t<div class=\"blog_post_content_wrapper layout_list\">\n<!-- Begin each blog post -->\n<div class=\"blog-posts-list post-4736 post type-post status-publish format-standard has-post-thumbnail hentry category-exteriors\">\n\n\t<div class=\"post_wrapper\">\n\t\t\n\t\t\t\t    <div class=\"post_img static\">\n\t\t\t    \t\t\t    <div class=\"post_img_hover classic \">\n\t\t\t     \t\t\t\t\t     <noscript><img decoding=\"async\" src=\"https:\/\/territoirespaysagistes.com\/wp-content\/uploads\/2020\/08\/SB126_Stains-1-610x610.jpg\" class alt><\/noscript><img decoding=\"async\" src=\"data:image\/gif;base64,R0lGODlhAQABAIAAAAAAAP\/\/\/yH5BAEAAAAALAAAAAABAAEAAAIBRAA7\" class=\" lazyload\" alt data-src=\"https:\/\/territoirespaysagistes.com\/wp-content\/uploads\/2020\/08\/SB126_Stains-1-610x610.jpg\">\n\t\t\t\t     \t\t\t     \t\t\t\t     \t<a href=\"https:\/\/territoirespaysagistes.com\/index.php\/2020\/08\/13\/publication-dun-projet-damenagement-exterieur-a-stains-dans-le-magazin-sequences-bois\/\"><\/a>\n\t\t\t    <\/div>\n\t\t    <\/div>\n\t\t\t    \n\t    <div class=\"post_content_wrapper text_left\">\n\t\t    \n\t\t    <div class=\"post_header\">\n\t\t\t    \t\t\t    <div class=\"post_detail single_post\">\n\t\t\t    \t<span class=\"post_info_cat\">\n\t\t\t\t\t\t\t\t\t\t\t\t      \t<a href=\"https:\/\/territoirespaysagistes.com\/index.php\/category\/exteriors\/\">Exteriors<\/a>\n\t\t\t\t\t\t\t\t\t    \t<\/span>\n\t\t\t \t<\/div>\n\t\t\t \t\t\t\t\t<div class=\"post_header_title\">\n\t\t\t\t    <h5><a href=\"https:\/\/territoirespaysagistes.com\/index.php\/2020\/08\/13\/publication-dun-projet-damenagement-exterieur-a-stains-dans-le-magazin-sequences-bois\/\" title=\"Publication d&rsquo;un projet d&rsquo;am\u00e9nagement ext\u00e9rieur \u00e0 Stains dans le magazin SEQUENCES BOIS !!\">Publication d&rsquo;un projet d&rsquo;am\u00e9nagement ext\u00e9rieur \u00e0 Stains dans le magazin SEQUENCES BOIS !!<\/a><\/h5>\n\t\t\t\t<\/div>\n\t\t\t<\/div>\n\t    \n\t\t\t<div class=\"post_header_wrapper\">\n\t\t\t\t<p>...<\/p>\t\t\t    \t\t\t    <div class=\"post_button_wrapper\">\n\t\t\t    \t<div class=\"post_attribute\">\n\t\t\t\t\t    <a href=\"https:\/\/territoirespaysagistes.com\/index.php\/2020\/08\/13\/publication-dun-projet-damenagement-exterieur-a-stains-dans-le-magazin-sequences-bois\/\" title=\"Publication d&rsquo;un projet d&rsquo;am\u00e9nagement ext\u00e9rieur \u00e0 Stains dans le magazin SEQUENCES BOIS !!\">13 ao\u00fbt 2020<\/a>\n\t\t\t\t\t<\/div>\n\t\t\t    <\/div>\n\t\t\t    \t\t\t<\/div>\n\t    <\/div>\n\t    \n\t<\/div>\n\n<\/div>\n<br class=\"clear\">\n<!-- End each blog post --><!-- Begin each blog post -->\n<div class=\"blog-posts-list post-4725 post type-post status-publish format-standard has-post-thumbnail hentry category-climat\">\n\n\t<div class=\"post_wrapper\">\n\t\t\n\t\t\t\t    <div class=\"post_img static\">\n\t\t\t    \t\t\t    <div class=\"post_img_hover classic \">\n\t\t\t     \t\t\t\t\t     <noscript><img decoding=\"async\" src=\"https:\/\/territoirespaysagistes.com\/wp-content\/uploads\/2020\/07\/Capture-d\u2019e\u0301cran-2020-07-09-a\u0300-17.37.09-610x610.png\" class alt><\/noscript><img decoding=\"async\" src=\"data:image\/gif;base64,R0lGODlhAQABAIAAAAAAAP\/\/\/yH5BAEAAAAALAAAAAABAAEAAAIBRAA7\" class=\" lazyload\" alt data-src=\"https:\/\/territoirespaysagistes.com\/wp-content\/uploads\/2020\/07\/Capture-d\u2019e\u0301cran-2020-07-09-a\u0300-17.37.09-610x610.png\">\n\t\t\t\t     \t\t\t     \t\t\t\t     \t<a href=\"https:\/\/territoirespaysagistes.com\/index.php\/2020\/07\/09\/penser-le-monde-dapres\/\"><\/a>\n\t\t\t    <\/div>\n\t\t    <\/div>\n\t\t\t    \n\t    <div class=\"post_content_wrapper text_left\">\n\t\t    \n\t\t    <div class=\"post_header\">\n\t\t\t    \t\t\t    <div class=\"post_detail single_post\">\n\t\t\t    \t<span class=\"post_info_cat\">\n\t\t\t\t\t\t\t\t\t\t\t\t      \t<a href=\"https:\/\/territoirespaysagistes.com\/index.php\/category\/climat\/\">Climat<\/a>\n\t\t\t\t\t\t\t\t\t    \t<\/span>\n\t\t\t \t<\/div>\n\t\t\t \t\t\t\t\t<div class=\"post_header_title\">\n\t\t\t\t    <h5><a href=\"https:\/\/territoirespaysagistes.com\/index.php\/2020\/07\/09\/penser-le-monde-dapres\/\" title=\"Penser le monde d&rsquo;apr\u00e8s ?\">Penser le monde d&rsquo;apr\u00e8s ?<\/a><\/h5>\n\t\t\t\t<\/div>\n\t\t\t<\/div>\n\t    \n\t\t\t<div class=\"post_header_wrapper\">\n\t\t\t\t<p>...<\/p>\t\t\t    \t\t\t    <div class=\"post_button_wrapper\">\n\t\t\t    \t<div class=\"post_attribute\">\n\t\t\t\t\t    <a href=\"https:\/\/territoirespaysagistes.com\/index.php\/2020\/07\/09\/penser-le-monde-dapres\/\" title=\"Penser le monde d&rsquo;apr\u00e8s ?\">9 juillet 2020<\/a>\n\t\t\t\t\t<\/div>\n\t\t\t    <\/div>\n\t\t\t    \t\t\t<\/div>\n\t    <\/div>\n\t    \n\t<\/div>\n\n<\/div>\n<br class=\"clear\">\n<!-- End each blog post --><!-- Begin each blog post -->\n<div class=\"blog-posts-list post-4721 post type-post status-publish format-standard has-post-thumbnail hentry category-chantier\">\n\n\t<div class=\"post_wrapper\">\n\t\t\n\t\t\t\t    <div class=\"post_img static\">\n\t\t\t    \t\t\t    <div class=\"post_img_hover classic \">\n\t\t\t     \t\t\t\t\t     <noscript><img decoding=\"async\" src=\"https:\/\/territoirespaysagistes.com\/wp-content\/uploads\/2020\/07\/IMG-5468-610x610.jpg\" class alt><\/noscript><img decoding=\"async\" src=\"data:image\/gif;base64,R0lGODlhAQABAIAAAAAAAP\/\/\/yH5BAEAAAAALAAAAAABAAEAAAIBRAA7\" class=\" lazyload\" alt data-src=\"https:\/\/territoirespaysagistes.com\/wp-content\/uploads\/2020\/07\/IMG-5468-610x610.jpg\">\n\t\t\t\t     \t\t\t     \t\t\t\t     \t<a href=\"https:\/\/territoirespaysagistes.com\/index.php\/2020\/07\/09\/un-atelier-dinitiation-au-potager\/\"><\/a>\n\t\t\t    <\/div>\n\t\t    <\/div>\n\t\t\t    \n\t    <div class=\"post_content_wrapper text_left\">\n\t\t    \n\t\t    <div class=\"post_header\">\n\t\t\t    \t\t\t    <div class=\"post_detail single_post\">\n\t\t\t    \t<span class=\"post_info_cat\">\n\t\t\t\t\t\t\t\t\t\t\t\t      \t<a href=\"https:\/\/territoirespaysagistes.com\/index.php\/category\/chantier\/\">Chantier<\/a>\n\t\t\t\t\t\t\t\t\t    \t<\/span>\n\t\t\t \t<\/div>\n\t\t\t \t\t\t\t\t<div class=\"post_header_title\">\n\t\t\t\t    <h5><a href=\"https:\/\/territoirespaysagistes.com\/index.php\/2020\/07\/09\/un-atelier-dinitiation-au-potager\/\" title=\"Un atelier d&rsquo;initiation au potager\">Un atelier d&rsquo;initiation au potager<\/a><\/h5>\n\t\t\t\t<\/div>\n\t\t\t<\/div>\n\t    \n\t\t\t<div class=\"post_header_wrapper\">\n\t\t\t\t<p>...<\/p>\t\t\t    \t\t\t    <div class=\"post_button_wrapper\">\n\t\t\t    \t<div class=\"post_attribute\">\n\t\t\t\t\t    <a href=\"https:\/\/territoirespaysagistes.com\/index.php\/2020\/07\/09\/un-atelier-dinitiation-au-potager\/\" title=\"Un atelier d&rsquo;initiation au potager\">9 juillet 2020<\/a>\n\t\t\t\t\t<\/div>\n\t\t\t    <\/div>\n\t\t\t    \t\t\t<\/div>\n\t    <\/div>\n\t    \n\t<\/div>\n\n<\/div>\n<br class=\"clear\">\n<!-- End each blog post --><!-- Begin each blog post -->\n<div class=\"blog-posts-list post-4711 post type-post status-publish format-standard has-post-thumbnail hentry category-exteriors\">\n\n\t<div class=\"post_wrapper\">\n\t\t\n\t\t\t\t    <div class=\"post_img static\">\n\t\t\t    \t\t\t    <div class=\"post_img_hover classic \">\n\t\t\t     \t\t\t\t\t     <noscript><img decoding=\"async\" src=\"https:\/\/territoirespaysagistes.com\/wp-content\/uploads\/2020\/05\/IMG-20200519-WA0008-610x610.jpeg\" class alt><\/noscript><img decoding=\"async\" src=\"data:image\/gif;base64,R0lGODlhAQABAIAAAAAAAP\/\/\/yH5BAEAAAAALAAAAAABAAEAAAIBRAA7\" class=\" lazyload\" alt data-src=\"https:\/\/territoirespaysagistes.com\/wp-content\/uploads\/2020\/05\/IMG-20200519-WA0008-610x610.jpeg\">\n\t\t\t\t     \t\t\t     \t\t\t\t     \t<a href=\"https:\/\/territoirespaysagistes.com\/index.php\/2020\/05\/27\/grand-voyeux\/\"><\/a>\n\t\t\t    <\/div>\n\t\t    <\/div>\n\t\t\t    \n\t    <div class=\"post_content_wrapper text_left\">\n\t\t    \n\t\t    <div class=\"post_header\">\n\t\t\t    \t\t\t    <div class=\"post_detail single_post\">\n\t\t\t    \t<span class=\"post_info_cat\">\n\t\t\t\t\t\t\t\t\t\t\t\t      \t<a href=\"https:\/\/territoirespaysagistes.com\/index.php\/category\/exteriors\/\">Exteriors<\/a>\n\t\t\t\t\t\t\t\t\t    \t<\/span>\n\t\t\t \t<\/div>\n\t\t\t \t\t\t\t\t<div class=\"post_header_title\">\n\t\t\t\t    <h5><a href=\"https:\/\/territoirespaysagistes.com\/index.php\/2020\/05\/27\/grand-voyeux\/\" title=\"Grand-Voyeux\">Grand-Voyeux<\/a><\/h5>\n\t\t\t\t<\/div>\n\t\t\t<\/div>\n\t    \n\t\t\t<div class=\"post_header_wrapper\">\n\t\t\t\t<p>...<\/p>\t\t\t    \t\t\t    <div class=\"post_button_wrapper\">\n\t\t\t    \t<div class=\"post_attribute\">\n\t\t\t\t\t    <a href=\"https:\/\/territoirespaysagistes.com\/index.php\/2020\/05\/27\/grand-voyeux\/\" title=\"Grand-Voyeux\">27 mai 2020<\/a>\n\t\t\t\t\t<\/div>\n\t\t\t    <\/div>\n\t\t\t    \t\t\t<\/div>\n\t    <\/div>\n\t    \n\t<\/div>\n\n<\/div>\n<br class=\"clear\">\n<!-- End each blog post --><!-- Begin each blog post -->\n<div class=\"blog-posts-list post-4651 post type-post status-publish format-standard has-post-thumbnail hentry category-reference\">\n\n\t<div class=\"post_wrapper\">\n\t\t\n\t\t\t\t    <div class=\"post_img static\">\n\t\t\t    \t\t\t    <div class=\"post_img_hover classic \">\n\t\t\t     \t\t\t\t\t     <noscript><img decoding=\"async\" src=\"https:\/\/territoirespaysagistes.com\/wp-content\/uploads\/2020\/03\/EK_65_PAYSAGE-1-610x610.jpg\" class alt><\/noscript><img decoding=\"async\" src=\"data:image\/gif;base64,R0lGODlhAQABAIAAAAAAAP\/\/\/yH5BAEAAAAALAAAAAABAAEAAAIBRAA7\" class=\" lazyload\" alt data-src=\"https:\/\/territoirespaysagistes.com\/wp-content\/uploads\/2020\/03\/EK_65_PAYSAGE-1-610x610.jpg\">\n\t\t\t\t     \t\t\t     \t\t\t\t     \t<a href=\"https:\/\/territoirespaysagistes.com\/index.php\/2020\/03\/05\/4651\/\"><\/a>\n\t\t\t    <\/div>\n\t\t    <\/div>\n\t\t\t    \n\t    <div class=\"post_content_wrapper text_left\">\n\t\t    \n\t\t    <div class=\"post_header\">\n\t\t\t    \t\t\t    <div class=\"post_detail single_post\">\n\t\t\t    \t<span class=\"post_info_cat\">\n\t\t\t\t\t\t\t\t\t\t\t\t      \t<a href=\"https:\/\/territoirespaysagistes.com\/index.php\/category\/reference\/\">R\u00e9f\u00e9rence<\/a>\n\t\t\t\t\t\t\t\t\t    \t<\/span>\n\t\t\t \t<\/div>\n\t\t\t \t\t\t\t\t<div class=\"post_header_title\">\n\t\t\t\t    <h5><a href=\"https:\/\/territoirespaysagistes.com\/index.php\/2020\/03\/05\/4651\/\" title=\"Publication Ecologik\">Publication Ecologik<\/a><\/h5>\n\t\t\t\t<\/div>\n\t\t\t<\/div>\n\t    \n\t\t\t<div class=\"post_header_wrapper\">\n\t\t\t\t<p>...<\/p>\t\t\t    \t\t\t    <div class=\"post_button_wrapper\">\n\t\t\t    \t<div class=\"post_attribute\">\n\t\t\t\t\t    <a href=\"https:\/\/territoirespaysagistes.com\/index.php\/2020\/03\/05\/4651\/\" title=\"Publication Ecologik\">5 mars 2020<\/a>\n\t\t\t\t\t<\/div>\n\t\t\t    <\/div>\n\t\t\t    \t\t\t<\/div>\n\t    <\/div>\n\t    \n\t<\/div>\n\n<\/div>\n<br class=\"clear\">\n<!-- End each blog post --><!-- Begin each blog post -->\n<div class=\"blog-posts-list post-4398 post type-post status-publish format-standard has-post-thumbnail hentry category-chantier\">\n\n\t<div class=\"post_wrapper\">\n\t\t\n\t\t\t\t    <div class=\"post_img static\">\n\t\t\t    \t\t\t    <div class=\"post_img_hover classic \">\n\t\t\t     \t\t\t\t\t     <noscript><img decoding=\"async\" src=\"https:\/\/territoirespaysagistes.com\/wp-content\/uploads\/2020\/01\/pose-meuble_20190626_102232-610x610.jpg\" class alt><\/noscript><img decoding=\"async\" src=\"data:image\/gif;base64,R0lGODlhAQABAIAAAAAAAP\/\/\/yH5BAEAAAAALAAAAAABAAEAAAIBRAA7\" class=\" lazyload\" alt data-src=\"https:\/\/territoirespaysagistes.com\/wp-content\/uploads\/2020\/01\/pose-meuble_20190626_102232-610x610.jpg\">\n\t\t\t\t     \t\t\t     \t\t\t\t     \t<a href=\"https:\/\/territoirespaysagistes.com\/index.php\/2020\/01\/13\/organic-plans\/\"><\/a>\n\t\t\t    <\/div>\n\t\t    <\/div>\n\t\t\t    \n\t    <div class=\"post_content_wrapper text_left\">\n\t\t    \n\t\t    <div class=\"post_header\">\n\t\t\t    \t\t\t    <div class=\"post_detail single_post\">\n\t\t\t    \t<span class=\"post_info_cat\">\n\t\t\t\t\t\t\t\t\t\t\t\t      \t<a href=\"https:\/\/territoirespaysagistes.com\/index.php\/category\/chantier\/\">Chantier<\/a>\n\t\t\t\t\t\t\t\t\t    \t<\/span>\n\t\t\t \t<\/div>\n\t\t\t \t\t\t\t\t<div class=\"post_header_title\">\n\t\t\t\t    <h5><a href=\"https:\/\/territoirespaysagistes.com\/index.php\/2020\/01\/13\/organic-plans\/\" title=\"Franey\">Franey<\/a><\/h5>\n\t\t\t\t<\/div>\n\t\t\t<\/div>\n\t    \n\t\t\t<div class=\"post_header_wrapper\">\n\t\t\t\t<p>...<\/p>\t\t\t    \t\t\t    <div class=\"post_button_wrapper\">\n\t\t\t    \t<div class=\"post_attribute\">\n\t\t\t\t\t    <a href=\"https:\/\/territoirespaysagistes.com\/index.php\/2020\/01\/13\/organic-plans\/\" title=\"Franey\">13 janvier 2020<\/a>\n\t\t\t\t\t<\/div>\n\t\t\t    <\/div>\n\t\t\t    \t\t\t<\/div>\n\t    <\/div>\n\t    \n\t<\/div>\n\n<\/div>\n<br class=\"clear\">\n<!-- End each blog post --><\/div>\n<br class=\"clear\">\t\t\t\t<\/div>\n\t\t\t\t<\/div>\n\t\t\t\t\t<\/div>\n\t\t<\/div>\n\t\t\t\t\t<\/div>\n\t\t<\/section>\n\t\t\t\t<\/div>\n\t\t      ","protected":false},"excerpt":{"rendered":"<p>Non class\u00e9 Elementor #4920 &#8230; 21 octobre 2020 Exteriors Publication d&#8217;un projet d&#8217;am\u00e9nagement ext\u00e9rieur \u00e0 Stains dans le magazin SEQUENCES BOIS !! &#8230; 13 ao\u00fbt 2020 Climat Penser le monde d&#8217;apr\u00e8s ? &#8230; 9 juillet 2020 Chantier Un atelier d&#8217;initiation [&hellip;]<\/p>\n","protected":false},"author":4,"featured_media":0,"parent":0,"menu_order":0,"comment_status":"closed","ping_status":"closed","template":"page-r.php","meta":{"_monsterinsights_skip_tracking":false,"_monsterinsights_sitenote_active":false,"_monsterinsights_sitenote_note":"","_monsterinsights_sitenote_category":0,"footnotes":""},"class_list":["post-218","page","type-page","status-publish","hentry"],"aioseo_notices":[],"_links":{"self":[{"href":"https:\/\/territoirespaysagistes.com\/index.php\/wp-json\/wp\/v2\/pages\/218","targetHints":{"allow":["GET"]}}],"collection":[{"href":"https:\/\/territoirespaysagistes.com\/index.php\/wp-json\/wp\/v2\/pages"}],"about":[{"href":"https:\/\/territoirespaysagistes.com\/index.php\/wp-json\/wp\/v2\/types\/page"}],"author":[{"embeddable":true,"href":"https:\/\/territoirespaysagistes.com\/index.php\/wp-json\/wp\/v2\/users\/4"}],"replies":[{"embeddable":true,"href":"https:\/\/territoirespaysagistes.com\/index.php\/wp-json\/wp\/v2\/comments?post=218"}],"version-history":[{"count":23,"href":"https:\/\/territoirespaysagistes.com\/index.php\/wp-json\/wp\/v2\/pages\/218\/revisions"}],"predecessor-version":[{"id":4922,"href":"https:\/\/territoirespaysagistes.com\/index.php\/wp-json\/wp\/v2\/pages\/218\/revisions\/4922"}],"wp:attachment":[{"href":"https:\/\/territoirespaysagistes.com\/index.php\/wp-json\/wp\/v2\/media?parent=218"}],"curies":[{"name":"wp","href":"https:\/\/api.w.org\/{rel}","templated":true}]}}